{"id":2374,"date":"2025-03-27T16:42:34","date_gmt":"2025-03-27T15:42:34","guid":{"rendered":"https:\/\/ssc1990.de\/?page_id=2374"},"modified":"2025-03-28T11:13:13","modified_gmt":"2025-03-28T10:13:13","slug":"immaterielles-kulturerbe","status":"publish","type":"page","link":"https:\/\/ssc1990.de\/index.php\/immaterielles-kulturerbe\/","title":{"rendered":"Immaterielles Kulturerbe"},"content":{"rendered":"<p>[et_pb_section fb_built=&#8220;1&#8243; _builder_version=&#8220;4.20.2&#8243; _module_preset=&#8220;default&#8220; global_colors_info=&#8220;{}&#8220;][et_pb_row column_structure=&#8220;2_3,1_3&#8243; _builder_version=&#8220;4.20.2&#8243; _module_preset=&#8220;default&#8220; global_colors_info=&#8220;{}&#8220;][et_pb_column type=&#8220;2_3&#8243; _builder_version=&#8220;4.20.2&#8243; _module_preset=&#8220;default&#8220; global_colors_info=&#8220;{}&#8220;][et_pb_text _builder_version=&#8220;4.20.2&#8243; _module_preset=&#8220;default&#8220; max_width=&#8220;100%&#8220; global_colors_info=&#8220;{}&#8220;]<\/p>\n<h1>Immaterielles Kulturerbe im Schie\u00dfsport &#8211; Tradition und Gemeinschaft<\/h1>\n<p>[\/et_pb_text][et_pb_text _builder_version=&#8220;4.20.2&#8243; _module_preset=&#8220;default&#8220; hover_enabled=&#8220;0&#8243; global_colors_info=&#8220;{}&#8220; sticky_enabled=&#8220;0&#8243;]<\/p>\n<p>Der Schie\u00dfsport ist weit mehr als nur eine sportliche Disziplin \u2013 er ist ein wichtiger Bestandteil kultureller Traditionen. In Deutschland wurde das Sch\u00fctzenwesen 2015 als immaterielles Kulturerbe von der UNESCO anerkannt. Dies unterstreicht seine historische Bedeutung f\u00fcr Gemeinschaften, Brauchtum und den Erhalt jahrhundertealter Rituale.<\/p>\n<p>Ein Beispiel f\u00fcr gelebte Sch\u00fctzentradition ist der <b>Sportsch\u00fctzenclub Oberhausen Styrum 1990 e.V.<\/b> Der Verein engagiert sich nicht nur f\u00fcr den sportlichen Aspekt des Schie\u00dfens, sondern pflegt auch die Werte von Kameradschaft, Disziplin und Verantwortung. Durch regelm\u00e4\u00dfige Trainings, Wettk\u00e4mpfe und gesellschaftliche Veranstaltungen tr\u00e4gt er dazu bei, die Tradition des Schie\u00dfsports an kommende Generationen weiterzugeben.<\/p>\n<p>Sch\u00fctzenvereine wie der SSC Oberhausen Styrum sind essenziell f\u00fcr den Erhalt dieser kulturellen Praxis. Sie verbinden Tradition mit modernem Sportschie\u00dfen und f\u00f6rdern den verantwortungsvollen Umgang mit Waffen. Damit leisten sie einen wichtigen Beitrag zur Pflege und Bewahrung des immateriellen Weltkulturerbes und zur St\u00e4rkung des gesellschaftlichen Zusammenhalts.<\/p>\n<p>Gerade in Zeiten, in denen traditionelle Werte oft in den Hintergrund geraten, bleibt das Sch\u00fctzenwesen ein bedeutendes kulturelles Gut \u2013 bewahrt durch engagierte Vereine wie den SSC Oberhausen Styrum.<\/p>\n<p>[\/et_pb_text][et_pb_image src=&#8220;https:\/\/ssc1990.de\/wp-content\/uploads\/2025\/03\/schild.jpg&#8220; title_text=&#8220;schild&#8220; _builder_version=&#8220;4.20.2&#8243; _module_preset=&#8220;default&#8220; global_colors_info=&#8220;{}&#8220;][\/et_pb_image][\/et_pb_column][et_pb_column type=&#8220;1_3&#8243; _builder_version=&#8220;4.20.2&#8243; _module_preset=&#8220;default&#8220; global_colors_info=&#8220;{}&#8220;][et_pb_sidebar _builder_version=&#8220;4.20.2&#8243; _module_preset=&#8220;default&#8220; width=&#8220;100%&#8220; max_width=&#8220;100%&#8220; module_alignment=&#8220;left&#8220; global_colors_info=&#8220;{}&#8220;][\/et_pb_sidebar][\/et_pb_column][\/et_pb_row][\/et_pb_section]<\/p>\n","protected":false},"excerpt":{"rendered":"<p>Immaterielles Kulturerbe im Schie\u00dfsport &#8211; Tradition und GemeinschaftDer Schie\u00dfsport ist weit mehr als nur eine sportliche Disziplin \u2013 er ist ein wichtiger Bestandteil kultureller Traditionen. In Deutschland wurde das Sch\u00fctzenwesen 2015 als immaterielles Kulturerbe von der UNESCO anerkannt. Dies unterstreicht seine historische Bedeutung f\u00fcr Gemeinschaften, Brauchtum und den Erhalt jahrhundertealter Rituale. Ein Beispiel f\u00fcr gelebte [&hellip;]<\/p>\n","protected":false},"author":1,"featured_media":0,"parent":0,"menu_order":0,"comment_status":"closed","ping_status":"closed","template":"","meta":{"_et_pb_use_builder":"on","_et_pb_old_content":"","_et_gb_content_width":"","footnotes":""},"class_list":["post-2374","page","type-page","status-publish","hentry"],"yoast_head":"<!-- This site is optimized with the Yoast SEO plugin v27.4 - https:\/\/yoast.com\/product\/yoast-seo-wordpress\/ -->\n<title>Immaterielles Kulturerbe &#8211; SSC Oberhausen-Styrum 1990 e.V.<\/title>\n<meta name=\"robots\" content=\"index, follow, max-snippet:-1, max-image-preview:large, max-video-preview:-1\" \/>\n<link rel=\"canonical\" href=\"https:\/\/ssc1990.de\/index.php\/immaterielles-kulturerbe\/\" \/>\n<meta property=\"og:locale\" content=\"de_DE\" \/>\n<meta property=\"og:type\" content=\"article\" \/>\n<meta property=\"og:title\" content=\"Immaterielles Kulturerbe &#8211; SSC Oberhausen-Styrum 1990 e.V.\" \/>\n<meta property=\"og:description\" content=\"Immaterielles Kulturerbe im Schie\u00dfsport - Tradition und GemeinschaftDer Schie\u00dfsport ist weit mehr als nur eine sportliche Disziplin \u2013 er ist ein wichtiger Bestandteil kultureller Traditionen. In Deutschland wurde das Sch\u00fctzenwesen 2015 als immaterielles Kulturerbe von der UNESCO anerkannt. Dies unterstreicht seine historische Bedeutung f\u00fcr Gemeinschaften, Brauchtum und den Erhalt jahrhundertealter Rituale. Ein Beispiel f\u00fcr gelebte [&hellip;]\" \/>\n<meta property=\"og:url\" content=\"https:\/\/ssc1990.de\/index.php\/immaterielles-kulturerbe\/\" \/>\n<meta property=\"og:site_name\" content=\"SSC Oberhausen-Styrum 1990 e.V.\" \/>\n<meta property=\"article:modified_time\" content=\"2025-03-28T10:13:13+00:00\" \/>\n<meta name=\"twitter:card\" content=\"summary_large_image\" \/>\n<meta name=\"twitter:label1\" content=\"Gesch\u00e4tzte Lesezeit\" \/>\n\t<meta name=\"twitter:data1\" content=\"2\u00a0Minuten\" \/>\n<script type=\"application\/ld+json\" class=\"yoast-schema-graph\">{\"@context\":\"https:\\\/\\\/schema.org\",\"@graph\":[{\"@type\":\"WebPage\",\"@id\":\"https:\\\/\\\/ssc1990.de\\\/index.php\\\/immaterielles-kulturerbe\\\/\",\"url\":\"https:\\\/\\\/ssc1990.de\\\/index.php\\\/immaterielles-kulturerbe\\\/\",\"name\":\"Immaterielles Kulturerbe &#8211; SSC Oberhausen-Styrum 1990 e.V.\",\"isPartOf\":{\"@id\":\"https:\\\/\\\/ssc1990.de\\\/#website\"},\"datePublished\":\"2025-03-27T15:42:34+00:00\",\"dateModified\":\"2025-03-28T10:13:13+00:00\",\"breadcrumb\":{\"@id\":\"https:\\\/\\\/ssc1990.de\\\/index.php\\\/immaterielles-kulturerbe\\\/#breadcrumb\"},\"inLanguage\":\"de\",\"potentialAction\":[{\"@type\":\"ReadAction\",\"target\":[\"https:\\\/\\\/ssc1990.de\\\/index.php\\\/immaterielles-kulturerbe\\\/\"]}]},{\"@type\":\"BreadcrumbList\",\"@id\":\"https:\\\/\\\/ssc1990.de\\\/index.php\\\/immaterielles-kulturerbe\\\/#breadcrumb\",\"itemListElement\":[{\"@type\":\"ListItem\",\"position\":1,\"name\":\"Startseite\",\"item\":\"https:\\\/\\\/ssc1990.de\\\/\"},{\"@type\":\"ListItem\",\"position\":2,\"name\":\"Immaterielles Kulturerbe\"}]},{\"@type\":\"WebSite\",\"@id\":\"https:\\\/\\\/ssc1990.de\\\/#website\",\"url\":\"https:\\\/\\\/ssc1990.de\\\/\",\"name\":\"SSC1990.de\",\"description\":\"Sportsch\u00fctzenclub Oberhausen-Styrum 1990 e.V.\",\"publisher\":{\"@id\":\"https:\\\/\\\/ssc1990.de\\\/#organization\"},\"potentialAction\":[{\"@type\":\"SearchAction\",\"target\":{\"@type\":\"EntryPoint\",\"urlTemplate\":\"https:\\\/\\\/ssc1990.de\\\/?s={search_term_string}\"},\"query-input\":{\"@type\":\"PropertyValueSpecification\",\"valueRequired\":true,\"valueName\":\"search_term_string\"}}],\"inLanguage\":\"de\"},{\"@type\":\"Organization\",\"@id\":\"https:\\\/\\\/ssc1990.de\\\/#organization\",\"name\":\"SSC1990.de\",\"url\":\"https:\\\/\\\/ssc1990.de\\\/\",\"logo\":{\"@type\":\"ImageObject\",\"inLanguage\":\"de\",\"@id\":\"https:\\\/\\\/ssc1990.de\\\/#\\\/schema\\\/logo\\\/image\\\/\",\"url\":\"https:\\\/\\\/ssc1990.de\\\/wp-content\\\/uploads\\\/2023\\\/03\\\/logo.jpg\",\"contentUrl\":\"https:\\\/\\\/ssc1990.de\\\/wp-content\\\/uploads\\\/2023\\\/03\\\/logo.jpg\",\"width\":1000,\"height\":594,\"caption\":\"SSC1990.de\"},\"image\":{\"@id\":\"https:\\\/\\\/ssc1990.de\\\/#\\\/schema\\\/logo\\\/image\\\/\"}}]}<\/script>\n<!-- \/ Yoast SEO plugin. -->","yoast_head_json":{"title":"Immaterielles Kulturerbe &#8211; SSC Oberhausen-Styrum 1990 e.V.","robots":{"index":"index","follow":"follow","max-snippet":"max-snippet:-1","max-image-preview":"max-image-preview:large","max-video-preview":"max-video-preview:-1"},"canonical":"https:\/\/ssc1990.de\/index.php\/immaterielles-kulturerbe\/","og_locale":"de_DE","og_type":"article","og_title":"Immaterielles Kulturerbe &#8211; SSC Oberhausen-Styrum 1990 e.V.","og_description":"Immaterielles Kulturerbe im Schie\u00dfsport - Tradition und GemeinschaftDer Schie\u00dfsport ist weit mehr als nur eine sportliche Disziplin \u2013 er ist ein wichtiger Bestandteil kultureller Traditionen. In Deutschland wurde das Sch\u00fctzenwesen 2015 als immaterielles Kulturerbe von der UNESCO anerkannt. Dies unterstreicht seine historische Bedeutung f\u00fcr Gemeinschaften, Brauchtum und den Erhalt jahrhundertealter Rituale. Ein Beispiel f\u00fcr gelebte [&hellip;]","og_url":"https:\/\/ssc1990.de\/index.php\/immaterielles-kulturerbe\/","og_site_name":"SSC Oberhausen-Styrum 1990 e.V.","article_modified_time":"2025-03-28T10:13:13+00:00","twitter_card":"summary_large_image","twitter_misc":{"Gesch\u00e4tzte Lesezeit":"2\u00a0Minuten"},"schema":{"@context":"https:\/\/schema.org","@graph":[{"@type":"WebPage","@id":"https:\/\/ssc1990.de\/index.php\/immaterielles-kulturerbe\/","url":"https:\/\/ssc1990.de\/index.php\/immaterielles-kulturerbe\/","name":"Immaterielles Kulturerbe &#8211; SSC Oberhausen-Styrum 1990 e.V.","isPartOf":{"@id":"https:\/\/ssc1990.de\/#website"},"datePublished":"2025-03-27T15:42:34+00:00","dateModified":"2025-03-28T10:13:13+00:00","breadcrumb":{"@id":"https:\/\/ssc1990.de\/index.php\/immaterielles-kulturerbe\/#breadcrumb"},"inLanguage":"de","potentialAction":[{"@type":"ReadAction","target":["https:\/\/ssc1990.de\/index.php\/immaterielles-kulturerbe\/"]}]},{"@type":"BreadcrumbList","@id":"https:\/\/ssc1990.de\/index.php\/immaterielles-kulturerbe\/#breadcrumb","itemListElement":[{"@type":"ListItem","position":1,"name":"Startseite","item":"https:\/\/ssc1990.de\/"},{"@type":"ListItem","position":2,"name":"Immaterielles Kulturerbe"}]},{"@type":"WebSite","@id":"https:\/\/ssc1990.de\/#website","url":"https:\/\/ssc1990.de\/","name":"SSC1990.de","description":"Sportsch\u00fctzenclub Oberhausen-Styrum 1990 e.V.","publisher":{"@id":"https:\/\/ssc1990.de\/#organization"},"potentialAction":[{"@type":"SearchAction","target":{"@type":"EntryPoint","urlTemplate":"https:\/\/ssc1990.de\/?s={search_term_string}"},"query-input":{"@type":"PropertyValueSpecification","valueRequired":true,"valueName":"search_term_string"}}],"inLanguage":"de"},{"@type":"Organization","@id":"https:\/\/ssc1990.de\/#organization","name":"SSC1990.de","url":"https:\/\/ssc1990.de\/","logo":{"@type":"ImageObject","inLanguage":"de","@id":"https:\/\/ssc1990.de\/#\/schema\/logo\/image\/","url":"https:\/\/ssc1990.de\/wp-content\/uploads\/2023\/03\/logo.jpg","contentUrl":"https:\/\/ssc1990.de\/wp-content\/uploads\/2023\/03\/logo.jpg","width":1000,"height":594,"caption":"SSC1990.de"},"image":{"@id":"https:\/\/ssc1990.de\/#\/schema\/logo\/image\/"}}]}},"_links":{"self":[{"href":"https:\/\/ssc1990.de\/index.php\/wp-json\/wp\/v2\/pages\/2374","targetHints":{"allow":["GET"]}}],"collection":[{"href":"https:\/\/ssc1990.de\/index.php\/wp-json\/wp\/v2\/pages"}],"about":[{"href":"https:\/\/ssc1990.de\/index.php\/wp-json\/wp\/v2\/types\/page"}],"author":[{"embeddable":true,"href":"https:\/\/ssc1990.de\/index.php\/wp-json\/wp\/v2\/users\/1"}],"replies":[{"embeddable":true,"href":"https:\/\/ssc1990.de\/index.php\/wp-json\/wp\/v2\/comments?post=2374"}],"version-history":[{"count":7,"href":"https:\/\/ssc1990.de\/index.php\/wp-json\/wp\/v2\/pages\/2374\/revisions"}],"predecessor-version":[{"id":2399,"href":"https:\/\/ssc1990.de\/index.php\/wp-json\/wp\/v2\/pages\/2374\/revisions\/2399"}],"wp:attachment":[{"href":"https:\/\/ssc1990.de\/index.php\/wp-json\/wp\/v2\/media?parent=2374"}],"curies":[{"name":"wp","href":"https:\/\/api.w.org\/{rel}","templated":true}]}}