{"id":266,"date":"2023-05-04T10:17:23","date_gmt":"2023-05-04T08:17:23","guid":{"rendered":"https:\/\/ssc1990.de\/?page_id=266"},"modified":"2023-05-24T10:44:11","modified_gmt":"2023-05-24T08:44:11","slug":"news","status":"publish","type":"page","link":"https:\/\/ssc1990.de\/index.php\/news\/","title":{"rendered":"News"},"content":{"rendered":"<p>[et_pb_section fb_built=&#8220;1&#8243; _builder_version=&#8220;4.16&#8243; global_colors_info=&#8220;{}&#8220;][et_pb_row _builder_version=&#8220;4.16&#8243; background_size=&#8220;initial&#8220; background_position=&#8220;top_left&#8220; background_repeat=&#8220;repeat&#8220; global_colors_info=&#8220;{}&#8220;][et_pb_column type=&#8220;4_4&#8243; _builder_version=&#8220;4.16&#8243; custom_padding=&#8220;|||&#8220; global_colors_info=&#8220;{}&#8220; custom_padding__hover=&#8220;|||&#8220;][et_pb_text _builder_version=&#8220;4.16&#8243; background_size=&#8220;initial&#8220; background_position=&#8220;top_left&#8220; background_repeat=&#8220;repeat&#8220; global_colors_info=&#8220;{}&#8220;]<!-- divi:rss {\"feedURL\":\"https:\/\/www.google.de\/alerts\/feeds\/16610475860490944773\/14302337134575625154\"} \/-->[\/et_pb_text][et_pb_text _builder_version=&#8220;4.20.2&#8243; _module_preset=&#8220;default&#8220; hover_enabled=&#8220;0&#8243; global_colors_info=&#8220;{}&#8220; sticky_enabled=&#8220;0&#8243;]<\/p>\n<h3>Auf dieser Seite werden aktuelle Informationen des RSB bereit gestellt.<\/h3>\n<p><span>Die Infos werden mehrmals t\u00e4glich aktualisiert.<\/span><\/p>\n<p>[\/et_pb_text][et_pb_code _builder_version=&#8220;4.20.2&#8243; _module_preset=&#8220;default&#8220; global_colors_info=&#8220;{}&#8220;]<div class=\"wp-rss-template-container\" data-wpra-template=\"default\" data-template-ctx=\"eyJzb3VyY2VzIjoiMjk4In0=\">\n    <div class=\"wp-rss-aggregator wpra-list-template  \" data-page=\"1\">\n    \n    \n<ul class=\"wpra-item-list rss-aggregator wpra-item-list--bullets wpra-item-list--default\"\n    start=\"1\">\n                        <li class=\"wpra-item feed-item \">\n            \n            \n\n    <a  href=\"https:\/\/www.weser-kurier.de\/landkreis-osterholz\/sport\/schiessen-huettenbuscher-mehrfachsiege-bei-bezirksmeisterschaft-doc85evtxv13w813hrjc3tf\" target=\"_blank\" rel=\"nofollow\" class=\"\">Schie\u00dfen: H\u00fcttenbuscher Mehrfachsiege bei Bezirksmeisterschaft - Weser Kurier<\/a>\n\n\n\n\n\n\n<div class=\"wprss-feed-meta\">\n            <span class=\"feed-source\">\n            Source:\n\n                            Sportschiessen\n                    <\/span>\n    \n            <span class=\"feed-date\">\n            Published on 2026-04-18\n        <\/span>\n    \n    <\/div>\n\n\n\n\n\n            \n        <\/li>\n        <\/ul>\n\n        \n<\/div>\n\n<\/div>\n<!-- [et_pb_line_break_holder] --><div class=\"wp-rss-template-container\" data-wpra-template=\"default\" data-template-ctx=\"eyJzb3VyY2VzIjoiMjkyIn0=\">\n    <div class=\"wp-rss-aggregator wpra-list-template  \" data-page=\"1\">\n    \n    \n<ul class=\"wpra-item-list rss-aggregator wpra-item-list--bullets wpra-item-list--default\"\n    start=\"1\">\n                    <p>No feed items found.<\/p>\n    <\/ul>\n\n        \n<\/div>\n\n<\/div>\n<!-- [et_pb_line_break_holder] --><div class=\"wp-rss-template-container\" data-wpra-template=\"default\" data-template-ctx=\"eyJzb3VyY2VzIjoiMjgzIn0=\">\n    <div class=\"wp-rss-aggregator wpra-list-template  \" data-page=\"1\">\n    \n    \n<ul class=\"wpra-item-list rss-aggregator wpra-item-list--bullets wpra-item-list--default\"\n    start=\"1\">\n                        <li class=\"wpra-item feed-item \">\n            \n            \n\n    <a  href=\"https:\/\/www.kultura-extra.de\/musik\/konzertbesprechungen\/konzertkritik_RSB_180426.php\" target=\"_blank\" rel=\"nofollow\" class=\"\">Dehnungen - KULTURA-EXTRA, das online-magazin<\/a>\n\n\n\n\n\n\n<div class=\"wprss-feed-meta\">\n            <span class=\"feed-source\">\n            Source:\n\n                            RSB\n                    <\/span>\n    \n            <span class=\"feed-date\">\n            Published on 2026-04-20\n        <\/span>\n    \n    <\/div>\n\n\n\n\n\n            \n        <\/li>\n                    <li class=\"wpra-item feed-item \">\n            \n            \n\n    <a  href=\"https:\/\/www.leine-on.de\/region\/nachricht\/millionenfoerderung-fuer-den-sport-auch-der-reitverein-wennigsen-erhaelt-eine-foerderung\" target=\"_blank\" rel=\"nofollow\" class=\"\">Millionenf\u00f6rderung f\u00fcr den Sport: auch der Reitverein Wennigsen erh\u00e4lt eine F\u00f6rderung<\/a>\n\n\n\n\n\n\n<div class=\"wprss-feed-meta\">\n            <span class=\"feed-source\">\n            Source:\n\n                            RSB\n                    <\/span>\n    \n            <span class=\"feed-date\">\n            Published on 2026-04-20\n        <\/span>\n    \n    <\/div>\n\n\n\n\n\n            \n        <\/li>\n                    <li class=\"wpra-item feed-item \">\n            \n            \n\n    <a  href=\"https:\/\/www.con-nect.de\/region\/nachricht\/millionenfoerderung-fuer-den-sport-auch-vereine-aus-hemmingen-erhalten-foerderungen\" target=\"_blank\" rel=\"nofollow\" class=\"\">Millionenf\u00f6rderung f\u00fcr den Sport: auch Vereine aus Hemmingen erhalten F\u00f6rderungen<\/a>\n\n\n\n\n\n\n<div class=\"wprss-feed-meta\">\n            <span class=\"feed-source\">\n            Source:\n\n                            RSB\n                    <\/span>\n    \n            <span class=\"feed-date\">\n            Published on 2026-04-20\n        <\/span>\n    \n    <\/div>\n\n\n\n\n\n            \n        <\/li>\n                    <li class=\"wpra-item feed-item \">\n            \n            \n\n    <a  href=\"https:\/\/www.motor-talk.de\/bilder\/gutbrod-rsb-100-12-model-4015-02-rasentraktor-traeger-fuer-maehwerk-gesucht-g94326415\/aushebungstraeger-maehwerk-i211877812.html\" target=\"_blank\" rel=\"nofollow\" class=\"\">Gutbrod <b>RSB<\/b> 100-12 Model 4015.02 Rasentraktor Tr\u00e4ger f\u00fcr M\u00e4hwerk gesucht - Motor-Talk<\/a>\n\n\n\n\n\n\n<div class=\"wprss-feed-meta\">\n            <span class=\"feed-source\">\n            Source:\n\n                            RSB\n                    <\/span>\n    \n            <span class=\"feed-date\">\n            Published on 2026-04-19\n        <\/span>\n    \n    <\/div>\n\n\n\n\n\n            \n        <\/li>\n                    <li class=\"wpra-item feed-item \">\n            \n            \n\n    <a  href=\"https:\/\/www.morgenpost.de\/kultur\/article411745924\/irene-roberts-sorgt-als-sieglinde-fuer-den-ausnahmezustand.html\" target=\"_blank\" rel=\"nofollow\" class=\"\">Irene Roberts sorgt als Sieglinde f\u00fcr den Ausnahmezustand - Berliner Morgenpost<\/a>\n\n\n\n\n\n\n<div class=\"wprss-feed-meta\">\n            <span class=\"feed-source\">\n            Source:\n\n                            RSB\n                    <\/span>\n    \n            <span class=\"feed-date\">\n            Published on 2026-04-19\n        <\/span>\n    \n    <\/div>\n\n\n\n\n\n            \n        <\/li>\n                    <li class=\"wpra-item feed-item \">\n            \n            \n\n    <a  href=\"https:\/\/deister-echo.de\/vereine-freuen-sich-ueber-bewilligte-zuschuesse-fuer-den-sportstaettenbau-tsv-kirchdorf-und-tsv-langreder-sind-dabei\/\" target=\"_blank\" rel=\"nofollow\" class=\"\">Vereine freuen sich \u00fcber bewilligte Zusch\u00fcsse f\u00fcr den Sportst\u00e4ttenbau: TSV Kirchdorf und ...<\/a>\n\n\n\n\n\n\n<div class=\"wprss-feed-meta\">\n            <span class=\"feed-source\">\n            Source:\n\n                            RSB\n                    <\/span>\n    \n            <span class=\"feed-date\">\n            Published on 2026-04-18\n        <\/span>\n    \n    <\/div>\n\n\n\n\n\n            \n        <\/li>\n                    <li class=\"wpra-item feed-item \">\n            \n            \n\n    <a  href=\"https:\/\/www.transfermarkt.de\/spielbericht\/index\/spielbericht\/4865897\" target=\"_blank\" rel=\"nofollow\" class=\"\">Roter Stern Belgrad - FK Vojvodina Novi Sad, 18.04.2026 - Super liga Meisterschaftsrunde<\/a>\n\n\n\n\n\n\n<div class=\"wprss-feed-meta\">\n            <span class=\"feed-source\">\n            Source:\n\n                            RSB\n                    <\/span>\n    \n            <span class=\"feed-date\">\n            Published on 2026-04-18\n        <\/span>\n    \n    <\/div>\n\n\n\n\n\n            \n        <\/li>\n                    <li class=\"wpra-item feed-item \">\n            \n            \n\n    <a  href=\"https:\/\/www.fussballtransfers.com\/spiel\/5607993100191544751-rsb-berkane-vs-olympique-dcheira\" target=\"_blank\" rel=\"nofollow\" class=\"\">Berkane vs Dche\u00efra 16. Spieltag Botola Pro 2025\/2026 24\/04 im Liveticker - Fussball Transfers<\/a>\n\n\n\n\n\n\n<div class=\"wprss-feed-meta\">\n            <span class=\"feed-source\">\n            Source:\n\n                            RSB\n                    <\/span>\n    \n            <span class=\"feed-date\">\n            Published on 2026-04-17\n        <\/span>\n    \n    <\/div>\n\n\n\n\n\n            \n        <\/li>\n                    <li class=\"wpra-item feed-item \">\n            \n            \n\n    <a  href=\"https:\/\/www.morgenpost.de\/kultur\/article411717597\/katharina-neuschaefer-ein-podcast-ist-intimer-als-eine-werkeinfuehrung.html\" target=\"_blank\" rel=\"nofollow\" class=\"\">Katharina Neuschaefer: Ein Podcast ist intimer als eine Werkeinf\u00fchrung<\/a>\n\n\n\n\n\n\n<div class=\"wprss-feed-meta\">\n            <span class=\"feed-source\">\n            Source:\n\n                            RSB\n                    <\/span>\n    \n            <span class=\"feed-date\">\n            Published on 2026-04-16\n        <\/span>\n    \n    <\/div>\n\n\n\n\n\n            \n        <\/li>\n                    <li class=\"wpra-item feed-item \">\n            \n            \n\n    <a  href=\"https:\/\/www.wochenspiegellive.de\/altkreis-monschau\/artikel\/gemeinsam-fuer-einen-guten-zweck\" target=\"_blank\" rel=\"nofollow\" class=\"\">Gemeinsam f\u00fcr einen guten Zweck - Altkreis Monschau - Wochenspiegel<\/a>\n\n\n\n\n\n\n<div class=\"wprss-feed-meta\">\n            <span class=\"feed-source\">\n            Source:\n\n                            RSB\n                    <\/span>\n    \n            <span class=\"feed-date\">\n            Published on 2026-04-15\n        <\/span>\n    \n    <\/div>\n\n\n\n\n\n            \n        <\/li>\n        <\/ul>\n\n        \n<\/div>\n\n<\/div>\n[\/et_pb_code][et_pb_code _builder_version=&#8220;4.20.2&#8243; _module_preset=&#8220;default&#8220; custom_margin=&#8220;-45px||||false|false&#8220; global_colors_info=&#8220;{}&#8220;]<!--[wp-rss-aggregator sources=\"292\"]-->[\/et_pb_code][\/et_pb_column][\/et_pb_row][\/et_pb_section]<\/p>\n","protected":false},"excerpt":{"rendered":"<p>Auf dieser Seite werden aktuelle Informationen des RSB bereit gestellt. Die Infos werden mehrmals t\u00e4glich aktualisiert.<div class=\"wp-rss-template-container\" data-wpra-template=\"default\" data-template-ctx=\"eyJzb3VyY2VzIjoiMjk4In0=\">\n    <div class=\"wp-rss-aggregator wpra-list-template  \" data-page=\"1\">\n    \n    \n<ul class=\"wpra-item-list rss-aggregator wpra-item-list--bullets wpra-item-list--default\"\n    start=\"1\">\n                        <li class=\"wpra-item feed-item \">\n            \n            \n\n    <a  href=\"https:\/\/www.weser-kurier.de\/landkreis-osterholz\/sport\/schiessen-huettenbuscher-mehrfachsiege-bei-bezirksmeisterschaft-doc85evtxv13w813hrjc3tf\" target=\"_blank\" rel=\"nofollow\" class=\"\">Schie\u00dfen: H\u00fcttenbuscher Mehrfachsiege bei Bezirksmeisterschaft - Weser Kurier<\/a>\n\n\n\n\n\n\n<div class=\"wprss-feed-meta\">\n            <span class=\"feed-source\">\n            Source:\n\n                            Sportschiessen\n                    <\/span>\n    \n            <span class=\"feed-date\">\n            Published on 2026-04-18\n        <\/span>\n    \n    <\/div>\n\n\n\n\n\n            \n        <\/li>\n        <\/ul>\n\n        \n<\/div>\n\n<\/div>\n<div class=\"wp-rss-template-container\" data-wpra-template=\"default\" data-template-ctx=\"eyJzb3VyY2VzIjoiMjkyIn0=\">\n    <div class=\"wp-rss-aggregator wpra-list-template  \" data-page=\"1\">\n    \n    \n<ul class=\"wpra-item-list rss-aggregator wpra-item-list--bullets wpra-item-list--default\"\n    start=\"1\">\n                    <p>No feed items found.<\/p>\n    <\/ul>\n\n        \n<\/div>\n\n<\/div>\n<div class=\"wp-rss-template-container\" data-wpra-template=\"default\" data-template-ctx=\"eyJzb3VyY2VzIjoiMjgzIn0=\">\n    <div class=\"wp-rss-aggregator wpra-list-template  \" data-page=\"1\">\n    \n    \n<ul class=\"wpra-item-list rss-aggregator wpra-item-list--bullets wpra-item-list--default\"\n    start=\"1\">\n                        <li class=\"wpra-item feed-item \">\n            \n            \n\n    <a  href=\"https:\/\/www.kultura-extra.de\/musik\/konzertbesprechungen\/konzertkritik_RSB_180426.php\" target=\"_blank\" rel=\"nofollow\" class=\"\">Dehnungen - KULTURA-EXTRA, das online-magazin<\/a>\n\n\n\n\n\n\n<div class=\"wprss-feed-meta\">\n            <span class=\"feed-source\">\n            Source:\n\n                            RSB\n                    <\/span>\n    \n            <span class=\"feed-date\">\n            Published on 2026-04-20\n        <\/span>\n    \n    <\/div>\n\n\n\n\n\n            \n        <\/li>\n                    <li class=\"wpra-item feed-item \">\n            \n            \n\n    <a  href=\"https:\/\/www.leine-on.de\/region\/nachricht\/millionenfoerderung-fuer-den-sport-auch-der-reitverein-wennigsen-erhaelt-eine-foerderung\" target=\"_blank\" rel=\"nofollow\" class=\"\">Millionenf\u00f6rderung f\u00fcr den Sport: auch der Reitverein Wennigsen erh\u00e4lt eine F\u00f6rderung<\/a>\n\n\n\n\n\n\n<div class=\"wprss-feed-meta\">\n            <span class=\"feed-source\">\n            Source:\n\n                            RSB\n                    <\/span>\n    \n            <span class=\"feed-date\">\n            Published on 2026-04-20\n        <\/span>\n    \n    <\/div>\n\n\n\n\n\n            \n        <\/li>\n                    <li class=\"wpra-item feed-item \">\n            \n            \n\n    <a  href=\"https:\/\/www.con-nect.de\/region\/nachricht\/millionenfoerderung-fuer-den-sport-auch-vereine-aus-hemmingen-erhalten-foerderungen\" target=\"_blank\" rel=\"nofollow\" class=\"\">Millionenf\u00f6rderung f\u00fcr den Sport: auch Vereine aus Hemmingen erhalten F\u00f6rderungen<\/a>\n\n\n\n\n\n\n<div class=\"wprss-feed-meta\">\n            <span class=\"feed-source\">\n            Source:\n\n                            RSB\n                    <\/span>\n    \n            <span class=\"feed-date\">\n            Published on 2026-04-20\n        <\/span>\n    \n    <\/div>\n\n\n\n\n\n            \n        <\/li>\n                    <li class=\"wpra-item feed-item \">\n            \n            \n\n    <a  href=\"https:\/\/www.motor-talk.de\/bilder\/gutbrod-rsb-100-12-model-4015-02-rasentraktor-traeger-fuer-maehwerk-gesucht-g94326415\/aushebungstraeger-maehwerk-i211877812.html\" target=\"_blank\" rel=\"nofollow\" class=\"\">Gutbrod <b>RSB<\/b> 100-12 Model 4015.02 Rasentraktor Tr\u00e4ger f\u00fcr M\u00e4hwerk gesucht - Motor-Talk<\/a>\n\n\n\n\n\n\n<div class=\"wprss-feed-meta\">\n            <span class=\"feed-source\">\n            Source:\n\n                            RSB\n                    <\/span>\n    \n            <span class=\"feed-date\">\n            Published on 2026-04-19\n        <\/span>\n    \n    <\/div>\n\n\n\n\n\n            \n        <\/li>\n                    <li class=\"wpra-item feed-item \">\n            \n            \n\n    <a  href=\"https:\/\/www.morgenpost.de\/kultur\/article411745924\/irene-roberts-sorgt-als-sieglinde-fuer-den-ausnahmezustand.html\" target=\"_blank\" rel=\"nofollow\" class=\"\">Irene Roberts sorgt als Sieglinde f\u00fcr den Ausnahmezustand - Berliner Morgenpost<\/a>\n\n\n\n\n\n\n<div class=\"wprss-feed-meta\">\n            <span class=\"feed-source\">\n            Source:\n\n                            RSB\n                    <\/span>\n    \n            <span class=\"feed-date\">\n            Published on 2026-04-19\n        <\/span>\n    \n    <\/div>\n\n\n\n\n\n            \n        <\/li>\n                    <li class=\"wpra-item feed-item \">\n            \n            \n\n    <a  href=\"https:\/\/deister-echo.de\/vereine-freuen-sich-ueber-bewilligte-zuschuesse-fuer-den-sportstaettenbau-tsv-kirchdorf-und-tsv-langreder-sind-dabei\/\" target=\"_blank\" rel=\"nofollow\" class=\"\">Vereine freuen sich \u00fcber bewilligte Zusch\u00fcsse f\u00fcr den Sportst\u00e4ttenbau: TSV Kirchdorf und ...<\/a>\n\n\n\n\n\n\n<div class=\"wprss-feed-meta\">\n            <span class=\"feed-source\">\n            Source:\n\n                            RSB\n                    <\/span>\n    \n            <span class=\"feed-date\">\n            Published on 2026-04-18\n        <\/span>\n    \n    <\/div>\n\n\n\n\n\n            \n        <\/li>\n                    <li class=\"wpra-item feed-item \">\n            \n            \n\n    <a  href=\"https:\/\/www.transfermarkt.de\/spielbericht\/index\/spielbericht\/4865897\" target=\"_blank\" rel=\"nofollow\" class=\"\">Roter Stern Belgrad - FK Vojvodina Novi Sad, 18.04.2026 - Super liga Meisterschaftsrunde<\/a>\n\n\n\n\n\n\n<div class=\"wprss-feed-meta\">\n            <span class=\"feed-source\">\n            Source:\n\n                            RSB\n                    <\/span>\n    \n            <span class=\"feed-date\">\n            Published on 2026-04-18\n        <\/span>\n    \n    <\/div>\n\n\n\n\n\n            \n        <\/li>\n                    <li class=\"wpra-item feed-item \">\n            \n            \n\n    <a  href=\"https:\/\/www.fussballtransfers.com\/spiel\/5607993100191544751-rsb-berkane-vs-olympique-dcheira\" target=\"_blank\" rel=\"nofollow\" class=\"\">Berkane vs Dche\u00efra 16. Spieltag Botola Pro 2025\/2026 24\/04 im Liveticker - Fussball Transfers<\/a>\n\n\n\n\n\n\n<div class=\"wprss-feed-meta\">\n            <span class=\"feed-source\">\n            Source:\n\n                            RSB\n                    <\/span>\n    \n            <span class=\"feed-date\">\n            Published on 2026-04-17\n        <\/span>\n    \n    <\/div>\n\n\n\n\n\n            \n        <\/li>\n                    <li class=\"wpra-item feed-item \">\n            \n            \n\n    <a  href=\"https:\/\/www.morgenpost.de\/kultur\/article411717597\/katharina-neuschaefer-ein-podcast-ist-intimer-als-eine-werkeinfuehrung.html\" target=\"_blank\" rel=\"nofollow\" class=\"\">Katharina Neuschaefer: Ein Podcast ist intimer als eine Werkeinf\u00fchrung<\/a>\n\n\n\n\n\n\n<div class=\"wprss-feed-meta\">\n            <span class=\"feed-source\">\n            Source:\n\n                            RSB\n                    <\/span>\n    \n            <span class=\"feed-date\">\n            Published on 2026-04-16\n        <\/span>\n    \n    <\/div>\n\n\n\n\n\n            \n        <\/li>\n                    <li class=\"wpra-item feed-item \">\n            \n            \n\n    <a  href=\"https:\/\/www.wochenspiegellive.de\/altkreis-monschau\/artikel\/gemeinsam-fuer-einen-guten-zweck\" target=\"_blank\" rel=\"nofollow\" class=\"\">Gemeinsam f\u00fcr einen guten Zweck - Altkreis Monschau - Wochenspiegel<\/a>\n\n\n\n\n\n\n<div class=\"wprss-feed-meta\">\n            <span class=\"feed-source\">\n            Source:\n\n                            RSB\n                    <\/span>\n    \n            <span class=\"feed-date\">\n            Published on 2026-04-15\n        <\/span>\n    \n    <\/div>\n\n\n\n\n\n            \n        <\/li>\n        <\/ul>\n\n        \n<\/div>\n\n<\/div>\n<\/p>\n","protected":false},"author":1,"featured_media":0,"parent":0,"menu_order":0,"comment_status":"closed","ping_status":"closed","template":"","meta":{"_et_pb_use_builder":"on","_et_pb_old_content":"<!-- wp:rss {\"feedURL\":\"https:\/\/www.google.de\/alerts\/feeds\/16610475860490944773\/14302337134575625154\"} \/-->","_et_gb_content_width":"","footnotes":""},"class_list":["post-266","page","type-page","status-publish","hentry"],"yoast_head":"<!-- This site is optimized with the Yoast SEO plugin v27.4 - https:\/\/yoast.com\/product\/yoast-seo-wordpress\/ -->\n<title>News &#8211; SSC Oberhausen-Styrum 1990 e.V.<\/title>\n<meta name=\"robots\" content=\"index, follow, max-snippet:-1, max-image-preview:large, max-video-preview:-1\" \/>\n<link rel=\"canonical\" href=\"https:\/\/ssc1990.de\/index.php\/news\/\" \/>\n<meta property=\"og:locale\" content=\"de_DE\" \/>\n<meta property=\"og:type\" content=\"article\" \/>\n<meta property=\"og:title\" content=\"News &#8211; SSC Oberhausen-Styrum 1990 e.V.\" \/>\n<meta property=\"og:description\" content=\"Auf dieser Seite werden aktuelle Informationen des RSB bereit gestellt. Die Infos werden mehrmals t\u00e4glich aktualisiert.\" \/>\n<meta property=\"og:url\" content=\"https:\/\/ssc1990.de\/index.php\/news\/\" \/>\n<meta property=\"og:site_name\" content=\"SSC Oberhausen-Styrum 1990 e.V.\" \/>\n<meta property=\"article:modified_time\" content=\"2023-05-24T08:44:11+00:00\" \/>\n<meta name=\"twitter:card\" content=\"summary_large_image\" \/>\n<script type=\"application\/ld+json\" class=\"yoast-schema-graph\">{\"@context\":\"https:\\\/\\\/schema.org\",\"@graph\":[{\"@type\":\"WebPage\",\"@id\":\"https:\\\/\\\/ssc1990.de\\\/index.php\\\/news\\\/\",\"url\":\"https:\\\/\\\/ssc1990.de\\\/index.php\\\/news\\\/\",\"name\":\"News &#8211; SSC Oberhausen-Styrum 1990 e.V.\",\"isPartOf\":{\"@id\":\"https:\\\/\\\/ssc1990.de\\\/#website\"},\"datePublished\":\"2023-05-04T08:17:23+00:00\",\"dateModified\":\"2023-05-24T08:44:11+00:00\",\"breadcrumb\":{\"@id\":\"https:\\\/\\\/ssc1990.de\\\/index.php\\\/news\\\/#breadcrumb\"},\"inLanguage\":\"de\",\"potentialAction\":[{\"@type\":\"ReadAction\",\"target\":[\"https:\\\/\\\/ssc1990.de\\\/index.php\\\/news\\\/\"]}]},{\"@type\":\"BreadcrumbList\",\"@id\":\"https:\\\/\\\/ssc1990.de\\\/index.php\\\/news\\\/#breadcrumb\",\"itemListElement\":[{\"@type\":\"ListItem\",\"position\":1,\"name\":\"Startseite\",\"item\":\"https:\\\/\\\/ssc1990.de\\\/\"},{\"@type\":\"ListItem\",\"position\":2,\"name\":\"News\"}]},{\"@type\":\"WebSite\",\"@id\":\"https:\\\/\\\/ssc1990.de\\\/#website\",\"url\":\"https:\\\/\\\/ssc1990.de\\\/\",\"name\":\"SSC1990.de\",\"description\":\"Sportsch\u00fctzenclub Oberhausen-Styrum 1990 e.V.\",\"publisher\":{\"@id\":\"https:\\\/\\\/ssc1990.de\\\/#organization\"},\"potentialAction\":[{\"@type\":\"SearchAction\",\"target\":{\"@type\":\"EntryPoint\",\"urlTemplate\":\"https:\\\/\\\/ssc1990.de\\\/?s={search_term_string}\"},\"query-input\":{\"@type\":\"PropertyValueSpecification\",\"valueRequired\":true,\"valueName\":\"search_term_string\"}}],\"inLanguage\":\"de\"},{\"@type\":\"Organization\",\"@id\":\"https:\\\/\\\/ssc1990.de\\\/#organization\",\"name\":\"SSC1990.de\",\"url\":\"https:\\\/\\\/ssc1990.de\\\/\",\"logo\":{\"@type\":\"ImageObject\",\"inLanguage\":\"de\",\"@id\":\"https:\\\/\\\/ssc1990.de\\\/#\\\/schema\\\/logo\\\/image\\\/\",\"url\":\"https:\\\/\\\/ssc1990.de\\\/wp-content\\\/uploads\\\/2023\\\/03\\\/logo.jpg\",\"contentUrl\":\"https:\\\/\\\/ssc1990.de\\\/wp-content\\\/uploads\\\/2023\\\/03\\\/logo.jpg\",\"width\":1000,\"height\":594,\"caption\":\"SSC1990.de\"},\"image\":{\"@id\":\"https:\\\/\\\/ssc1990.de\\\/#\\\/schema\\\/logo\\\/image\\\/\"}}]}<\/script>\n<!-- \/ Yoast SEO plugin. -->","yoast_head_json":{"title":"News &#8211; SSC Oberhausen-Styrum 1990 e.V.","robots":{"index":"index","follow":"follow","max-snippet":"max-snippet:-1","max-image-preview":"max-image-preview:large","max-video-preview":"max-video-preview:-1"},"canonical":"https:\/\/ssc1990.de\/index.php\/news\/","og_locale":"de_DE","og_type":"article","og_title":"News &#8211; SSC Oberhausen-Styrum 1990 e.V.","og_description":"Auf dieser Seite werden aktuelle Informationen des RSB bereit gestellt. Die Infos werden mehrmals t\u00e4glich aktualisiert.","og_url":"https:\/\/ssc1990.de\/index.php\/news\/","og_site_name":"SSC Oberhausen-Styrum 1990 e.V.","article_modified_time":"2023-05-24T08:44:11+00:00","twitter_card":"summary_large_image","schema":{"@context":"https:\/\/schema.org","@graph":[{"@type":"WebPage","@id":"https:\/\/ssc1990.de\/index.php\/news\/","url":"https:\/\/ssc1990.de\/index.php\/news\/","name":"News &#8211; SSC Oberhausen-Styrum 1990 e.V.","isPartOf":{"@id":"https:\/\/ssc1990.de\/#website"},"datePublished":"2023-05-04T08:17:23+00:00","dateModified":"2023-05-24T08:44:11+00:00","breadcrumb":{"@id":"https:\/\/ssc1990.de\/index.php\/news\/#breadcrumb"},"inLanguage":"de","potentialAction":[{"@type":"ReadAction","target":["https:\/\/ssc1990.de\/index.php\/news\/"]}]},{"@type":"BreadcrumbList","@id":"https:\/\/ssc1990.de\/index.php\/news\/#breadcrumb","itemListElement":[{"@type":"ListItem","position":1,"name":"Startseite","item":"https:\/\/ssc1990.de\/"},{"@type":"ListItem","position":2,"name":"News"}]},{"@type":"WebSite","@id":"https:\/\/ssc1990.de\/#website","url":"https:\/\/ssc1990.de\/","name":"SSC1990.de","description":"Sportsch\u00fctzenclub Oberhausen-Styrum 1990 e.V.","publisher":{"@id":"https:\/\/ssc1990.de\/#organization"},"potentialAction":[{"@type":"SearchAction","target":{"@type":"EntryPoint","urlTemplate":"https:\/\/ssc1990.de\/?s={search_term_string}"},"query-input":{"@type":"PropertyValueSpecification","valueRequired":true,"valueName":"search_term_string"}}],"inLanguage":"de"},{"@type":"Organization","@id":"https:\/\/ssc1990.de\/#organization","name":"SSC1990.de","url":"https:\/\/ssc1990.de\/","logo":{"@type":"ImageObject","inLanguage":"de","@id":"https:\/\/ssc1990.de\/#\/schema\/logo\/image\/","url":"https:\/\/ssc1990.de\/wp-content\/uploads\/2023\/03\/logo.jpg","contentUrl":"https:\/\/ssc1990.de\/wp-content\/uploads\/2023\/03\/logo.jpg","width":1000,"height":594,"caption":"SSC1990.de"},"image":{"@id":"https:\/\/ssc1990.de\/#\/schema\/logo\/image\/"}}]}},"_links":{"self":[{"href":"https:\/\/ssc1990.de\/index.php\/wp-json\/wp\/v2\/pages\/266","targetHints":{"allow":["GET"]}}],"collection":[{"href":"https:\/\/ssc1990.de\/index.php\/wp-json\/wp\/v2\/pages"}],"about":[{"href":"https:\/\/ssc1990.de\/index.php\/wp-json\/wp\/v2\/types\/page"}],"author":[{"embeddable":true,"href":"https:\/\/ssc1990.de\/index.php\/wp-json\/wp\/v2\/users\/1"}],"replies":[{"embeddable":true,"href":"https:\/\/ssc1990.de\/index.php\/wp-json\/wp\/v2\/comments?post=266"}],"version-history":[{"count":20,"href":"https:\/\/ssc1990.de\/index.php\/wp-json\/wp\/v2\/pages\/266\/revisions"}],"predecessor-version":[{"id":350,"href":"https:\/\/ssc1990.de\/index.php\/wp-json\/wp\/v2\/pages\/266\/revisions\/350"}],"wp:attachment":[{"href":"https:\/\/ssc1990.de\/index.php\/wp-json\/wp\/v2\/media?parent=266"}],"curies":[{"name":"wp","href":"https:\/\/api.w.org\/{rel}","templated":true}]}}