{"id":39,"date":"2023-03-18T17:43:24","date_gmt":"2023-03-18T16:43:24","guid":{"rendered":"https:\/\/ssc1990.de\/?page_id=39"},"modified":"2023-03-18T18:40:15","modified_gmt":"2023-03-18T17:40:15","slug":"beitraege","status":"publish","type":"page","link":"https:\/\/ssc1990.de\/index.php\/beitraege\/","title":{"rendered":"Beitr\u00e4ge"},"content":{"rendered":"<p>[et_pb_section fb_built=&#8220;1&#8243; _builder_version=&#8220;4.20.2&#8243; _module_preset=&#8220;default&#8220; global_colors_info=&#8220;{}&#8220;][et_pb_row column_structure=&#8220;2_3,1_3&#8243; _builder_version=&#8220;4.20.2&#8243; _module_preset=&#8220;default&#8220; global_colors_info=&#8220;{}&#8220;][et_pb_column type=&#8220;2_3&#8243; _builder_version=&#8220;4.20.2&#8243; _module_preset=&#8220;default&#8220; global_colors_info=&#8220;{}&#8220;][et_pb_text _builder_version=&#8220;4.20.2&#8243; _module_preset=&#8220;default&#8220; max_width=&#8220;69%&#8220; hover_enabled=&#8220;0&#8243; global_colors_info=&#8220;{}&#8220; sticky_enabled=&#8220;0&#8243;]<\/p>\n<h1>Beitr\u00e4ge<\/h1>\n<p>[\/et_pb_text][et_pb_text _builder_version=&#8220;4.20.2&#8243; _module_preset=&#8220;default&#8220; hover_enabled=&#8220;0&#8243; global_colors_info=&#8220;{}&#8220; sticky_enabled=&#8220;0&#8243;]Der Monatsbeitrag betr\u00e4gt f\u00fcr<\/p>\n<ul>\n<li>Jugendliche unter 22 Jahre: 6 \u20ac<\/li>\n<li>\u00a0Passive Mitglieder: 6 \u20ac<\/li>\n<li>\u00a0Aktive Mitglieder * (auch Inhaber von Waffenbesitzkarten): 15 \u20ac<\/li>\n<li>\u00a0Ehepaare (mind. 1 aktives Mitglied): 21 \u20ac<\/li>\n<\/ul>\n<p>Im Monatsbeitrag sind Munition und Scheiben f\u00fcr alle CO<sub>2<\/sub> und Luftdruckwaffen, sowie alle Startgeb\u00fchren f\u00fcr alle Wettk\u00e4mpfe, zu denen der Verein meldet, enthalten.<\/p>\n<hr \/>\n<p>* Aktive Mitglieder leisten j\u00e4hrlich 5 Stunden Gemeinschaftsarbeit bei der Standreinigung.[\/et_pb_text][\/et_pb_column][et_pb_column type=&#8220;1_3&#8243; _builder_version=&#8220;4.20.2&#8243; _module_preset=&#8220;default&#8220; global_colors_info=&#8220;{}&#8220;][et_pb_sidebar _builder_version=&#8220;4.20.2&#8243; _module_preset=&#8220;default&#8220; width=&#8220;100%&#8220; max_width=&#8220;100%&#8220; module_alignment=&#8220;left&#8220; global_colors_info=&#8220;{}&#8220;][\/et_pb_sidebar][\/et_pb_column][\/et_pb_row][\/et_pb_section]<\/p>\n","protected":false},"excerpt":{"rendered":"<p>Beitr\u00e4geDer Monatsbeitrag betr\u00e4gt f\u00fcr Jugendliche unter 22 Jahre: 6 \u20ac \u00a0Passive Mitglieder: 6 \u20ac \u00a0Aktive Mitglieder * (auch Inhaber von Waffenbesitzkarten): 15 \u20ac \u00a0Ehepaare (mind. 1 aktives Mitglied): 21 \u20ac Im Monatsbeitrag sind Munition und Scheiben f\u00fcr alle CO2 und Luftdruckwaffen, sowie alle Startgeb\u00fchren f\u00fcr alle Wettk\u00e4mpfe, zu denen der Verein meldet, enthalten. * Aktive [&hellip;]<\/p>\n","protected":false},"author":1,"featured_media":0,"parent":0,"menu_order":0,"comment_status":"closed","ping_status":"closed","template":"","meta":{"_et_pb_use_builder":"on","_et_pb_old_content":"","_et_gb_content_width":"","footnotes":""},"class_list":["post-39","page","type-page","status-publish","hentry"],"yoast_head":"<!-- This site is optimized with the Yoast SEO plugin v27.4 - https:\/\/yoast.com\/product\/yoast-seo-wordpress\/ -->\n<title>Beitr\u00e4ge &#8211; SSC Oberhausen-Styrum 1990 e.V.<\/title>\n<meta name=\"robots\" content=\"index, follow, max-snippet:-1, max-image-preview:large, max-video-preview:-1\" \/>\n<link rel=\"canonical\" href=\"https:\/\/ssc1990.de\/index.php\/beitraege\/\" \/>\n<meta property=\"og:locale\" content=\"de_DE\" \/>\n<meta property=\"og:type\" content=\"article\" \/>\n<meta property=\"og:title\" content=\"Beitr\u00e4ge &#8211; SSC Oberhausen-Styrum 1990 e.V.\" \/>\n<meta property=\"og:description\" content=\"Beitr\u00e4geDer Monatsbeitrag betr\u00e4gt f\u00fcr Jugendliche unter 22 Jahre: 6 \u20ac \u00a0Passive Mitglieder: 6 \u20ac \u00a0Aktive Mitglieder * (auch Inhaber von Waffenbesitzkarten): 15 \u20ac \u00a0Ehepaare (mind. 1 aktives Mitglied): 21 \u20ac Im Monatsbeitrag sind Munition und Scheiben f\u00fcr alle CO2 und Luftdruckwaffen, sowie alle Startgeb\u00fchren f\u00fcr alle Wettk\u00e4mpfe, zu denen der Verein meldet, enthalten. * Aktive [&hellip;]\" \/>\n<meta property=\"og:url\" content=\"https:\/\/ssc1990.de\/index.php\/beitraege\/\" \/>\n<meta property=\"og:site_name\" content=\"SSC Oberhausen-Styrum 1990 e.V.\" \/>\n<meta property=\"article:modified_time\" content=\"2023-03-18T17:40:15+00:00\" \/>\n<meta name=\"twitter:card\" content=\"summary_large_image\" \/>\n<meta name=\"twitter:label1\" content=\"Gesch\u00e4tzte Lesezeit\" \/>\n\t<meta name=\"twitter:data1\" content=\"2\u00a0Minuten\" \/>\n<script type=\"application\/ld+json\" class=\"yoast-schema-graph\">{\"@context\":\"https:\\\/\\\/schema.org\",\"@graph\":[{\"@type\":\"WebPage\",\"@id\":\"https:\\\/\\\/ssc1990.de\\\/index.php\\\/beitraege\\\/\",\"url\":\"https:\\\/\\\/ssc1990.de\\\/index.php\\\/beitraege\\\/\",\"name\":\"Beitr\u00e4ge &#8211; SSC Oberhausen-Styrum 1990 e.V.\",\"isPartOf\":{\"@id\":\"https:\\\/\\\/ssc1990.de\\\/#website\"},\"datePublished\":\"2023-03-18T16:43:24+00:00\",\"dateModified\":\"2023-03-18T17:40:15+00:00\",\"breadcrumb\":{\"@id\":\"https:\\\/\\\/ssc1990.de\\\/index.php\\\/beitraege\\\/#breadcrumb\"},\"inLanguage\":\"de\",\"potentialAction\":[{\"@type\":\"ReadAction\",\"target\":[\"https:\\\/\\\/ssc1990.de\\\/index.php\\\/beitraege\\\/\"]}]},{\"@type\":\"BreadcrumbList\",\"@id\":\"https:\\\/\\\/ssc1990.de\\\/index.php\\\/beitraege\\\/#breadcrumb\",\"itemListElement\":[{\"@type\":\"ListItem\",\"position\":1,\"name\":\"Startseite\",\"item\":\"https:\\\/\\\/ssc1990.de\\\/\"},{\"@type\":\"ListItem\",\"position\":2,\"name\":\"Beitr\u00e4ge\"}]},{\"@type\":\"WebSite\",\"@id\":\"https:\\\/\\\/ssc1990.de\\\/#website\",\"url\":\"https:\\\/\\\/ssc1990.de\\\/\",\"name\":\"SSC1990.de\",\"description\":\"Sportsch\u00fctzenclub Oberhausen-Styrum 1990 e.V.\",\"publisher\":{\"@id\":\"https:\\\/\\\/ssc1990.de\\\/#organization\"},\"potentialAction\":[{\"@type\":\"SearchAction\",\"target\":{\"@type\":\"EntryPoint\",\"urlTemplate\":\"https:\\\/\\\/ssc1990.de\\\/?s={search_term_string}\"},\"query-input\":{\"@type\":\"PropertyValueSpecification\",\"valueRequired\":true,\"valueName\":\"search_term_string\"}}],\"inLanguage\":\"de\"},{\"@type\":\"Organization\",\"@id\":\"https:\\\/\\\/ssc1990.de\\\/#organization\",\"name\":\"SSC1990.de\",\"url\":\"https:\\\/\\\/ssc1990.de\\\/\",\"logo\":{\"@type\":\"ImageObject\",\"inLanguage\":\"de\",\"@id\":\"https:\\\/\\\/ssc1990.de\\\/#\\\/schema\\\/logo\\\/image\\\/\",\"url\":\"https:\\\/\\\/ssc1990.de\\\/wp-content\\\/uploads\\\/2023\\\/03\\\/logo.jpg\",\"contentUrl\":\"https:\\\/\\\/ssc1990.de\\\/wp-content\\\/uploads\\\/2023\\\/03\\\/logo.jpg\",\"width\":1000,\"height\":594,\"caption\":\"SSC1990.de\"},\"image\":{\"@id\":\"https:\\\/\\\/ssc1990.de\\\/#\\\/schema\\\/logo\\\/image\\\/\"}}]}<\/script>\n<!-- \/ Yoast SEO plugin. -->","yoast_head_json":{"title":"Beitr\u00e4ge &#8211; SSC Oberhausen-Styrum 1990 e.V.","robots":{"index":"index","follow":"follow","max-snippet":"max-snippet:-1","max-image-preview":"max-image-preview:large","max-video-preview":"max-video-preview:-1"},"canonical":"https:\/\/ssc1990.de\/index.php\/beitraege\/","og_locale":"de_DE","og_type":"article","og_title":"Beitr\u00e4ge &#8211; SSC Oberhausen-Styrum 1990 e.V.","og_description":"Beitr\u00e4geDer Monatsbeitrag betr\u00e4gt f\u00fcr Jugendliche unter 22 Jahre: 6 \u20ac \u00a0Passive Mitglieder: 6 \u20ac \u00a0Aktive Mitglieder * (auch Inhaber von Waffenbesitzkarten): 15 \u20ac \u00a0Ehepaare (mind. 1 aktives Mitglied): 21 \u20ac Im Monatsbeitrag sind Munition und Scheiben f\u00fcr alle CO2 und Luftdruckwaffen, sowie alle Startgeb\u00fchren f\u00fcr alle Wettk\u00e4mpfe, zu denen der Verein meldet, enthalten. * Aktive [&hellip;]","og_url":"https:\/\/ssc1990.de\/index.php\/beitraege\/","og_site_name":"SSC Oberhausen-Styrum 1990 e.V.","article_modified_time":"2023-03-18T17:40:15+00:00","twitter_card":"summary_large_image","twitter_misc":{"Gesch\u00e4tzte Lesezeit":"2\u00a0Minuten"},"schema":{"@context":"https:\/\/schema.org","@graph":[{"@type":"WebPage","@id":"https:\/\/ssc1990.de\/index.php\/beitraege\/","url":"https:\/\/ssc1990.de\/index.php\/beitraege\/","name":"Beitr\u00e4ge &#8211; SSC Oberhausen-Styrum 1990 e.V.","isPartOf":{"@id":"https:\/\/ssc1990.de\/#website"},"datePublished":"2023-03-18T16:43:24+00:00","dateModified":"2023-03-18T17:40:15+00:00","breadcrumb":{"@id":"https:\/\/ssc1990.de\/index.php\/beitraege\/#breadcrumb"},"inLanguage":"de","potentialAction":[{"@type":"ReadAction","target":["https:\/\/ssc1990.de\/index.php\/beitraege\/"]}]},{"@type":"BreadcrumbList","@id":"https:\/\/ssc1990.de\/index.php\/beitraege\/#breadcrumb","itemListElement":[{"@type":"ListItem","position":1,"name":"Startseite","item":"https:\/\/ssc1990.de\/"},{"@type":"ListItem","position":2,"name":"Beitr\u00e4ge"}]},{"@type":"WebSite","@id":"https:\/\/ssc1990.de\/#website","url":"https:\/\/ssc1990.de\/","name":"SSC1990.de","description":"Sportsch\u00fctzenclub Oberhausen-Styrum 1990 e.V.","publisher":{"@id":"https:\/\/ssc1990.de\/#organization"},"potentialAction":[{"@type":"SearchAction","target":{"@type":"EntryPoint","urlTemplate":"https:\/\/ssc1990.de\/?s={search_term_string}"},"query-input":{"@type":"PropertyValueSpecification","valueRequired":true,"valueName":"search_term_string"}}],"inLanguage":"de"},{"@type":"Organization","@id":"https:\/\/ssc1990.de\/#organization","name":"SSC1990.de","url":"https:\/\/ssc1990.de\/","logo":{"@type":"ImageObject","inLanguage":"de","@id":"https:\/\/ssc1990.de\/#\/schema\/logo\/image\/","url":"https:\/\/ssc1990.de\/wp-content\/uploads\/2023\/03\/logo.jpg","contentUrl":"https:\/\/ssc1990.de\/wp-content\/uploads\/2023\/03\/logo.jpg","width":1000,"height":594,"caption":"SSC1990.de"},"image":{"@id":"https:\/\/ssc1990.de\/#\/schema\/logo\/image\/"}}]}},"_links":{"self":[{"href":"https:\/\/ssc1990.de\/index.php\/wp-json\/wp\/v2\/pages\/39","targetHints":{"allow":["GET"]}}],"collection":[{"href":"https:\/\/ssc1990.de\/index.php\/wp-json\/wp\/v2\/pages"}],"about":[{"href":"https:\/\/ssc1990.de\/index.php\/wp-json\/wp\/v2\/types\/page"}],"author":[{"embeddable":true,"href":"https:\/\/ssc1990.de\/index.php\/wp-json\/wp\/v2\/users\/1"}],"replies":[{"embeddable":true,"href":"https:\/\/ssc1990.de\/index.php\/wp-json\/wp\/v2\/comments?post=39"}],"version-history":[{"count":2,"href":"https:\/\/ssc1990.de\/index.php\/wp-json\/wp\/v2\/pages\/39\/revisions"}],"predecessor-version":[{"id":134,"href":"https:\/\/ssc1990.de\/index.php\/wp-json\/wp\/v2\/pages\/39\/revisions\/134"}],"wp:attachment":[{"href":"https:\/\/ssc1990.de\/index.php\/wp-json\/wp\/v2\/media?parent=39"}],"curies":[{"name":"wp","href":"https:\/\/api.w.org\/{rel}","templated":true}]}}