{"id":40,"date":"2023-03-18T17:43:07","date_gmt":"2023-03-18T16:43:07","guid":{"rendered":"https:\/\/ssc1990.de\/?page_id=40"},"modified":"2023-03-18T18:41:05","modified_gmt":"2023-03-18T17:41:05","slug":"trainingszeiten","status":"publish","type":"page","link":"https:\/\/ssc1990.de\/index.php\/trainingszeiten\/","title":{"rendered":"Trainingszeiten"},"content":{"rendered":"<p>[et_pb_section fb_built=&#8220;1&#8243; _builder_version=&#8220;4.20.2&#8243; _module_preset=&#8220;default&#8220; global_colors_info=&#8220;{}&#8220;][et_pb_row column_structure=&#8220;2_3,1_3&#8243; _builder_version=&#8220;4.20.2&#8243; _module_preset=&#8220;default&#8220; global_colors_info=&#8220;{}&#8220;][et_pb_column type=&#8220;2_3&#8243; _builder_version=&#8220;4.20.2&#8243; _module_preset=&#8220;default&#8220; global_colors_info=&#8220;{}&#8220;][et_pb_text _builder_version=&#8220;4.20.2&#8243; _module_preset=&#8220;default&#8220; max_width=&#8220;69%&#8220; hover_enabled=&#8220;0&#8243; global_colors_info=&#8220;{}&#8220; sticky_enabled=&#8220;0&#8243;]<\/p>\n<h1>Trainingszeiten<\/h1>\n<p>[\/et_pb_text][et_pb_text _builder_version=&#8220;4.20.2&#8243; _module_preset=&#8220;default&#8220; hover_enabled=&#8220;0&#8243; global_colors_info=&#8220;{}&#8220; sticky_enabled=&#8220;0&#8243;]Jeder, der sich f\u00fcr den Schie\u00dfsport interessiert und es einfach mal ausprobieren m\u00f6chte, ist bei uns herzlich willkommen und eingeladen, an einem kostenlosen und unverbindlichen Probetraining teilzunehmen.<\/p>\n<p>F\u00fcr Anf\u00e4nger und besonders auch f\u00fcr unsere Jugend bietet der Verein die M\u00f6glichkeit an, kostenlos eine Vereinswaffe sowie die notwendige Schie\u00dfausr\u00fcstung f\u00fcr das Training und f\u00fcr die zu bestreitenden Wettk\u00e4mpfe zu nutzen. Luftdruckwaffenmunition wird vom Verein gestellt. Des Weiteren haben wir einen Jugendbetreuer, der unserer Jugend nicht nur zu den Trainingszeiten zur Seite steht, sondern diese auch bei den Wettk\u00e4mpfen betreut.<\/p>\n<p>Montag: Sportpistole Kaliber 22<br \/>\n<span style=\"color: #008000;\">Uhrzeit: 17:00 &#8211; 19:30 Uhr<\/span><\/p>\n<p><span style=\"color: #000000;\">Dienstag: Luftgewehr\/Luftpistole sowie Zimmerstutzen 15 Meter<\/span><br \/>\n<span style=\"color: #008000;\">Uhrzeit: 17:00 &#8211; 20:00 Uhr<\/span><\/p>\n<p>Mittwoch: Reserviert f\u00fcr Ligak\u00e4mpfe und Mannschaftstraining.<br \/>\n<!--<span style=\"color: #008000;\">Nach telefonischer Absprache ist ein Probetraining f\u00fcr Interessenten m\u00f6glich.<\/span>--><\/p>\n<p>Donnerstag: Luftgewehr\/Luftpistole sowie Zimmerstutzen 15 Meter<br \/>\n<span style=\"color: #008000;\">Uhrzeit: 17:00 &#8211; 20:00 Uhr<\/span><\/p>\n<p>Freitag: Gro\u00dfkaliber<br \/>\n<span style=\"color: #008000;\">Uhrzeit: 14:00 &#8211; 17:00 Uhr<\/span><\/p>\n<p>jeden 2. und 4. Samstag im Monat: Klein- und Gro\u00dfkaliber<br \/>\n<span style=\"color: #008000;\">Uhrzeit: 11:00 &#8211; 14:00 Uhr<\/span><\/p>\n<p>Sonntag: <strong>NUR<\/strong> Kleinkaliber<br \/>\n<span style=\"color: #008000;\">Uhrzeit: 11:00 &#8211; 14:00 Uhr<\/span>[\/et_pb_text][\/et_pb_column][et_pb_column type=&#8220;1_3&#8243; _builder_version=&#8220;4.20.2&#8243; _module_preset=&#8220;default&#8220; global_colors_info=&#8220;{}&#8220;][et_pb_sidebar _builder_version=&#8220;4.20.2&#8243; _module_preset=&#8220;default&#8220; width=&#8220;100%&#8220; max_width=&#8220;100%&#8220; module_alignment=&#8220;left&#8220; global_colors_info=&#8220;{}&#8220;][\/et_pb_sidebar][\/et_pb_column][\/et_pb_row][\/et_pb_section]<\/p>\n","protected":false},"excerpt":{"rendered":"<p>TrainingszeitenJeder, der sich f\u00fcr den Schie\u00dfsport interessiert und es einfach mal ausprobieren m\u00f6chte, ist bei uns herzlich willkommen und eingeladen, an einem kostenlosen und unverbindlichen Probetraining teilzunehmen. F\u00fcr Anf\u00e4nger und besonders auch f\u00fcr unsere Jugend bietet der Verein die M\u00f6glichkeit an, kostenlos eine Vereinswaffe sowie die notwendige Schie\u00dfausr\u00fcstung f\u00fcr das Training und f\u00fcr die zu [&hellip;]<\/p>\n","protected":false},"author":1,"featured_media":0,"parent":0,"menu_order":0,"comment_status":"closed","ping_status":"closed","template":"","meta":{"_et_pb_use_builder":"on","_et_pb_old_content":"","_et_gb_content_width":"","footnotes":""},"class_list":["post-40","page","type-page","status-publish","hentry"],"yoast_head":"<!-- This site is optimized with the Yoast SEO plugin v27.5 - https:\/\/yoast.com\/product\/yoast-seo-wordpress\/ -->\n<title>Trainingszeiten &#8211; SSC Oberhausen-Styrum 1990 e.V.<\/title>\n<meta name=\"robots\" content=\"index, follow, max-snippet:-1, max-image-preview:large, max-video-preview:-1\" \/>\n<link rel=\"canonical\" href=\"https:\/\/ssc1990.de\/index.php\/trainingszeiten\/\" \/>\n<meta property=\"og:locale\" content=\"de_DE\" \/>\n<meta property=\"og:type\" content=\"article\" \/>\n<meta property=\"og:title\" content=\"Trainingszeiten &#8211; SSC Oberhausen-Styrum 1990 e.V.\" \/>\n<meta property=\"og:description\" content=\"TrainingszeitenJeder, der sich f\u00fcr den Schie\u00dfsport interessiert und es einfach mal ausprobieren m\u00f6chte, ist bei uns herzlich willkommen und eingeladen, an einem kostenlosen und unverbindlichen Probetraining teilzunehmen. F\u00fcr Anf\u00e4nger und besonders auch f\u00fcr unsere Jugend bietet der Verein die M\u00f6glichkeit an, kostenlos eine Vereinswaffe sowie die notwendige Schie\u00dfausr\u00fcstung f\u00fcr das Training und f\u00fcr die zu [&hellip;]\" \/>\n<meta property=\"og:url\" content=\"https:\/\/ssc1990.de\/index.php\/trainingszeiten\/\" \/>\n<meta property=\"og:site_name\" content=\"SSC Oberhausen-Styrum 1990 e.V.\" \/>\n<meta property=\"article:modified_time\" content=\"2023-03-18T17:41:05+00:00\" \/>\n<meta name=\"twitter:card\" content=\"summary_large_image\" \/>\n<meta name=\"twitter:label1\" content=\"Gesch\u00e4tzte Lesezeit\" \/>\n\t<meta name=\"twitter:data1\" content=\"2\u00a0Minuten\" \/>\n<script type=\"application\/ld+json\" class=\"yoast-schema-graph\">{\"@context\":\"https:\\\/\\\/schema.org\",\"@graph\":[{\"@type\":\"WebPage\",\"@id\":\"https:\\\/\\\/ssc1990.de\\\/index.php\\\/trainingszeiten\\\/\",\"url\":\"https:\\\/\\\/ssc1990.de\\\/index.php\\\/trainingszeiten\\\/\",\"name\":\"Trainingszeiten &#8211; SSC Oberhausen-Styrum 1990 e.V.\",\"isPartOf\":{\"@id\":\"https:\\\/\\\/ssc1990.de\\\/#website\"},\"datePublished\":\"2023-03-18T16:43:07+00:00\",\"dateModified\":\"2023-03-18T17:41:05+00:00\",\"breadcrumb\":{\"@id\":\"https:\\\/\\\/ssc1990.de\\\/index.php\\\/trainingszeiten\\\/#breadcrumb\"},\"inLanguage\":\"de\",\"potentialAction\":[{\"@type\":\"ReadAction\",\"target\":[\"https:\\\/\\\/ssc1990.de\\\/index.php\\\/trainingszeiten\\\/\"]}]},{\"@type\":\"BreadcrumbList\",\"@id\":\"https:\\\/\\\/ssc1990.de\\\/index.php\\\/trainingszeiten\\\/#breadcrumb\",\"itemListElement\":[{\"@type\":\"ListItem\",\"position\":1,\"name\":\"Startseite\",\"item\":\"https:\\\/\\\/ssc1990.de\\\/\"},{\"@type\":\"ListItem\",\"position\":2,\"name\":\"Trainingszeiten\"}]},{\"@type\":\"WebSite\",\"@id\":\"https:\\\/\\\/ssc1990.de\\\/#website\",\"url\":\"https:\\\/\\\/ssc1990.de\\\/\",\"name\":\"SSC1990.de\",\"description\":\"Sportsch\u00fctzenclub Oberhausen-Styrum 1990 e.V.\",\"publisher\":{\"@id\":\"https:\\\/\\\/ssc1990.de\\\/#organization\"},\"potentialAction\":[{\"@type\":\"SearchAction\",\"target\":{\"@type\":\"EntryPoint\",\"urlTemplate\":\"https:\\\/\\\/ssc1990.de\\\/?s={search_term_string}\"},\"query-input\":{\"@type\":\"PropertyValueSpecification\",\"valueRequired\":true,\"valueName\":\"search_term_string\"}}],\"inLanguage\":\"de\"},{\"@type\":\"Organization\",\"@id\":\"https:\\\/\\\/ssc1990.de\\\/#organization\",\"name\":\"SSC1990.de\",\"url\":\"https:\\\/\\\/ssc1990.de\\\/\",\"logo\":{\"@type\":\"ImageObject\",\"inLanguage\":\"de\",\"@id\":\"https:\\\/\\\/ssc1990.de\\\/#\\\/schema\\\/logo\\\/image\\\/\",\"url\":\"https:\\\/\\\/ssc1990.de\\\/wp-content\\\/uploads\\\/2023\\\/03\\\/logo.jpg\",\"contentUrl\":\"https:\\\/\\\/ssc1990.de\\\/wp-content\\\/uploads\\\/2023\\\/03\\\/logo.jpg\",\"width\":1000,\"height\":594,\"caption\":\"SSC1990.de\"},\"image\":{\"@id\":\"https:\\\/\\\/ssc1990.de\\\/#\\\/schema\\\/logo\\\/image\\\/\"}}]}<\/script>\n<!-- \/ Yoast SEO plugin. -->","yoast_head_json":{"title":"Trainingszeiten &#8211; SSC Oberhausen-Styrum 1990 e.V.","robots":{"index":"index","follow":"follow","max-snippet":"max-snippet:-1","max-image-preview":"max-image-preview:large","max-video-preview":"max-video-preview:-1"},"canonical":"https:\/\/ssc1990.de\/index.php\/trainingszeiten\/","og_locale":"de_DE","og_type":"article","og_title":"Trainingszeiten &#8211; SSC Oberhausen-Styrum 1990 e.V.","og_description":"TrainingszeitenJeder, der sich f\u00fcr den Schie\u00dfsport interessiert und es einfach mal ausprobieren m\u00f6chte, ist bei uns herzlich willkommen und eingeladen, an einem kostenlosen und unverbindlichen Probetraining teilzunehmen. F\u00fcr Anf\u00e4nger und besonders auch f\u00fcr unsere Jugend bietet der Verein die M\u00f6glichkeit an, kostenlos eine Vereinswaffe sowie die notwendige Schie\u00dfausr\u00fcstung f\u00fcr das Training und f\u00fcr die zu [&hellip;]","og_url":"https:\/\/ssc1990.de\/index.php\/trainingszeiten\/","og_site_name":"SSC Oberhausen-Styrum 1990 e.V.","article_modified_time":"2023-03-18T17:41:05+00:00","twitter_card":"summary_large_image","twitter_misc":{"Gesch\u00e4tzte Lesezeit":"2\u00a0Minuten"},"schema":{"@context":"https:\/\/schema.org","@graph":[{"@type":"WebPage","@id":"https:\/\/ssc1990.de\/index.php\/trainingszeiten\/","url":"https:\/\/ssc1990.de\/index.php\/trainingszeiten\/","name":"Trainingszeiten &#8211; SSC Oberhausen-Styrum 1990 e.V.","isPartOf":{"@id":"https:\/\/ssc1990.de\/#website"},"datePublished":"2023-03-18T16:43:07+00:00","dateModified":"2023-03-18T17:41:05+00:00","breadcrumb":{"@id":"https:\/\/ssc1990.de\/index.php\/trainingszeiten\/#breadcrumb"},"inLanguage":"de","potentialAction":[{"@type":"ReadAction","target":["https:\/\/ssc1990.de\/index.php\/trainingszeiten\/"]}]},{"@type":"BreadcrumbList","@id":"https:\/\/ssc1990.de\/index.php\/trainingszeiten\/#breadcrumb","itemListElement":[{"@type":"ListItem","position":1,"name":"Startseite","item":"https:\/\/ssc1990.de\/"},{"@type":"ListItem","position":2,"name":"Trainingszeiten"}]},{"@type":"WebSite","@id":"https:\/\/ssc1990.de\/#website","url":"https:\/\/ssc1990.de\/","name":"SSC1990.de","description":"Sportsch\u00fctzenclub Oberhausen-Styrum 1990 e.V.","publisher":{"@id":"https:\/\/ssc1990.de\/#organization"},"potentialAction":[{"@type":"SearchAction","target":{"@type":"EntryPoint","urlTemplate":"https:\/\/ssc1990.de\/?s={search_term_string}"},"query-input":{"@type":"PropertyValueSpecification","valueRequired":true,"valueName":"search_term_string"}}],"inLanguage":"de"},{"@type":"Organization","@id":"https:\/\/ssc1990.de\/#organization","name":"SSC1990.de","url":"https:\/\/ssc1990.de\/","logo":{"@type":"ImageObject","inLanguage":"de","@id":"https:\/\/ssc1990.de\/#\/schema\/logo\/image\/","url":"https:\/\/ssc1990.de\/wp-content\/uploads\/2023\/03\/logo.jpg","contentUrl":"https:\/\/ssc1990.de\/wp-content\/uploads\/2023\/03\/logo.jpg","width":1000,"height":594,"caption":"SSC1990.de"},"image":{"@id":"https:\/\/ssc1990.de\/#\/schema\/logo\/image\/"}}]}},"_links":{"self":[{"href":"https:\/\/ssc1990.de\/index.php\/wp-json\/wp\/v2\/pages\/40","targetHints":{"allow":["GET"]}}],"collection":[{"href":"https:\/\/ssc1990.de\/index.php\/wp-json\/wp\/v2\/pages"}],"about":[{"href":"https:\/\/ssc1990.de\/index.php\/wp-json\/wp\/v2\/types\/page"}],"author":[{"embeddable":true,"href":"https:\/\/ssc1990.de\/index.php\/wp-json\/wp\/v2\/users\/1"}],"replies":[{"embeddable":true,"href":"https:\/\/ssc1990.de\/index.php\/wp-json\/wp\/v2\/comments?post=40"}],"version-history":[{"count":2,"href":"https:\/\/ssc1990.de\/index.php\/wp-json\/wp\/v2\/pages\/40\/revisions"}],"predecessor-version":[{"id":135,"href":"https:\/\/ssc1990.de\/index.php\/wp-json\/wp\/v2\/pages\/40\/revisions\/135"}],"wp:attachment":[{"href":"https:\/\/ssc1990.de\/index.php\/wp-json\/wp\/v2\/media?parent=40"}],"curies":[{"name":"wp","href":"https:\/\/api.w.org\/{rel}","templated":true}]}}