{"id":41,"date":"2023-03-18T17:42:39","date_gmt":"2023-03-18T16:42:39","guid":{"rendered":"https:\/\/ssc1990.de\/?page_id=41"},"modified":"2023-03-18T19:45:10","modified_gmt":"2023-03-18T18:45:10","slug":"schiessstaende","status":"publish","type":"page","link":"https:\/\/ssc1990.de\/index.php\/schiessstaende\/","title":{"rendered":"Schie\u00dfst\u00e4nde"},"content":{"rendered":"<p>[et_pb_section fb_built=&#8220;1&#8243; _builder_version=&#8220;4.20.2&#8243; _module_preset=&#8220;default&#8220; global_colors_info=&#8220;{}&#8220;][et_pb_row column_structure=&#8220;2_3,1_3&#8243; _builder_version=&#8220;4.20.2&#8243; _module_preset=&#8220;default&#8220; global_colors_info=&#8220;{}&#8220;][et_pb_column type=&#8220;2_3&#8243; _builder_version=&#8220;4.20.2&#8243; _module_preset=&#8220;default&#8220; global_colors_info=&#8220;{}&#8220;][et_pb_text _builder_version=&#8220;4.20.2&#8243; _module_preset=&#8220;default&#8220; max_width=&#8220;69%&#8220; global_colors_info=&#8220;{}&#8220;]<\/p>\n<h1>Schie\u00dfst\u00e4nde<\/h1>\n<p>[\/et_pb_text][et_pb_text _builder_version=&#8220;4.20.2&#8243; _module_preset=&#8220;default&#8220; custom_padding=&#8220;||0px|||&#8220; global_colors_info=&#8220;{}&#8220;]<\/p>\n<p style=\"text-align: justify;\">Der Verein verf\u00fcgt \u00fcber eine Raumschie\u00dfanlage mit 2 getrennten Schie\u00dfst\u00e4nden, die nach den neuesten Regeln der Sportordnung ausgestattet wurden. So entspricht die Beleuchtung in Raum und Sch\u00fctzenstand den geforderten 300 Lux und die Scheibenbeleuchtung erreicht 1100 Lux. Die wei\u00df-gr\u00fcne Wand- und Deckenverkleidung sorgt f\u00fcr ausgeglichene Lichtverh\u00e4ltnisse. Folgende Disziplinen k\u00f6nnen auf dem kombinierten vereinseigenen Stand geschossen werden:<\/p>\n<p style=\"text-align: justify;\">Stand 1: als Kombistand zugelassen f\u00fcr Kurzwaffen aller Kaliber in den 25m Disziplinen. Er verf\u00fcgt \u00fcber 5 Bahnen mit einer Duellanlage f\u00fcr die Disziplinen KK-Sportpistole, Olymp. Schnellfeuerpistole, Zentralfeuerpistole 0.30 &#8211; 0.38. Durch Umbau ist mittels einer neuen Decken-Schienenanlage auf den 5 Bahnen das Schie\u00dfen mit Luftdruckwaffen (Gewehr \/ Pistole) auf 10m Entfernung, sowie die Disziplin Zimmerstutzen auf 15m m\u00f6glich.<\/p>\n<p>&nbsp;<\/p>\n<p>[\/et_pb_text][et_pb_image src=&#8220;https:\/\/ssc1990.de\/wp-content\/uploads\/2023\/03\/25-M-Stand-e1679164989422.jpg&#8220; _builder_version=&#8220;4.20.2&#8243; _module_preset=&#8220;default&#8220; title_text=&#8220;OLYMPUS DIGITAL CAMERA&#8220; align=&#8220;center&#8220; hover_enabled=&#8220;0&#8243; sticky_enabled=&#8220;0&#8243;][\/et_pb_image][et_pb_text _builder_version=&#8220;4.20.2&#8243; _module_preset=&#8220;default&#8220; global_colors_info=&#8220;{}&#8220;]<\/p>\n<p style=\"text-align: justify;\">Stand 2: verf\u00fcgt \u00fcber 2 Bahnen \u00e0 10m f\u00fcr Luftdruckwaffen und ist mit elektronischen Schie\u00dfanlagen der Firma Meyton ausger\u00fcstet. <!-- Zu Test- und Analysezwecken steht ein SCATT Trainingssystem zur Verf\u00fcgung, welches auch ein Schie\u00dfen ohne Munition m\u00f6glich macht. Somit ist es f\u00fcr erfahrene Sch\u00fctzen, aber auch f\u00fcr Einsteiger bestens geeignet. --><\/p>\n<p>[\/et_pb_text][et_pb_image src=&#8220;https:\/\/ssc1990.de\/wp-content\/uploads\/2023\/03\/10-M-Stand-e1679165004574.jpg&#8220; _builder_version=&#8220;4.20.2&#8243; _module_preset=&#8220;default&#8220; title_text=&#8220;10-M-Stand&#8220; align=&#8220;center&#8220; hover_enabled=&#8220;0&#8243; sticky_enabled=&#8220;0&#8243;][\/et_pb_image][et_pb_text _builder_version=&#8220;4.20.2&#8243; _module_preset=&#8220;default&#8220; global_colors_info=&#8220;{}&#8220;]<\/p>\n<p>Disziplinen mit Kleinkalibergewehr und Gro\u00dfkaliber 50m \/ 100m und 300m werden auf angemieteten St\u00e4nden geschossen.<\/p>\n<p>[\/et_pb_text][\/et_pb_column][et_pb_column type=&#8220;1_3&#8243; _builder_version=&#8220;4.20.2&#8243; _module_preset=&#8220;default&#8220; global_colors_info=&#8220;{}&#8220;][et_pb_sidebar _builder_version=&#8220;4.20.2&#8243; _module_preset=&#8220;default&#8220; width=&#8220;100%&#8220; max_width=&#8220;100%&#8220; module_alignment=&#8220;left&#8220; global_colors_info=&#8220;{}&#8220;][\/et_pb_sidebar][\/et_pb_column][\/et_pb_row][\/et_pb_section]<\/p>\n","protected":false},"excerpt":{"rendered":"<p>Schie\u00dfst\u00e4ndeDer Verein verf\u00fcgt \u00fcber eine Raumschie\u00dfanlage mit 2 getrennten Schie\u00dfst\u00e4nden, die nach den neuesten Regeln der Sportordnung ausgestattet wurden. So entspricht die Beleuchtung in Raum und Sch\u00fctzenstand den geforderten 300 Lux und die Scheibenbeleuchtung erreicht 1100 Lux. Die wei\u00df-gr\u00fcne Wand- und Deckenverkleidung sorgt f\u00fcr ausgeglichene Lichtverh\u00e4ltnisse. Folgende Disziplinen k\u00f6nnen auf dem kombinierten vereinseigenen Stand geschossen [&hellip;]<\/p>\n","protected":false},"author":1,"featured_media":0,"parent":0,"menu_order":0,"comment_status":"closed","ping_status":"closed","template":"","meta":{"_et_pb_use_builder":"on","_et_pb_old_content":"","_et_gb_content_width":"","footnotes":""},"class_list":["post-41","page","type-page","status-publish","hentry"],"yoast_head":"<!-- This site is optimized with the Yoast SEO plugin v27.4 - https:\/\/yoast.com\/product\/yoast-seo-wordpress\/ -->\n<title>Schie\u00dfst\u00e4nde &#8211; SSC Oberhausen-Styrum 1990 e.V.<\/title>\n<meta name=\"robots\" content=\"index, follow, max-snippet:-1, max-image-preview:large, max-video-preview:-1\" \/>\n<link rel=\"canonical\" href=\"https:\/\/ssc1990.de\/index.php\/schiessstaende\/\" \/>\n<meta property=\"og:locale\" content=\"de_DE\" \/>\n<meta property=\"og:type\" content=\"article\" \/>\n<meta property=\"og:title\" content=\"Schie\u00dfst\u00e4nde &#8211; SSC Oberhausen-Styrum 1990 e.V.\" \/>\n<meta property=\"og:description\" content=\"Schie\u00dfst\u00e4ndeDer Verein verf\u00fcgt \u00fcber eine Raumschie\u00dfanlage mit 2 getrennten Schie\u00dfst\u00e4nden, die nach den neuesten Regeln der Sportordnung ausgestattet wurden. So entspricht die Beleuchtung in Raum und Sch\u00fctzenstand den geforderten 300 Lux und die Scheibenbeleuchtung erreicht 1100 Lux. Die wei\u00df-gr\u00fcne Wand- und Deckenverkleidung sorgt f\u00fcr ausgeglichene Lichtverh\u00e4ltnisse. Folgende Disziplinen k\u00f6nnen auf dem kombinierten vereinseigenen Stand geschossen [&hellip;]\" \/>\n<meta property=\"og:url\" content=\"https:\/\/ssc1990.de\/index.php\/schiessstaende\/\" \/>\n<meta property=\"og:site_name\" content=\"SSC Oberhausen-Styrum 1990 e.V.\" \/>\n<meta property=\"article:modified_time\" content=\"2023-03-18T18:45:10+00:00\" \/>\n<meta name=\"twitter:card\" content=\"summary_large_image\" \/>\n<meta name=\"twitter:label1\" content=\"Gesch\u00e4tzte Lesezeit\" \/>\n\t<meta name=\"twitter:data1\" content=\"2\u00a0Minuten\" \/>\n<script type=\"application\/ld+json\" class=\"yoast-schema-graph\">{\"@context\":\"https:\\\/\\\/schema.org\",\"@graph\":[{\"@type\":\"WebPage\",\"@id\":\"https:\\\/\\\/ssc1990.de\\\/index.php\\\/schiessstaende\\\/\",\"url\":\"https:\\\/\\\/ssc1990.de\\\/index.php\\\/schiessstaende\\\/\",\"name\":\"Schie\u00dfst\u00e4nde &#8211; SSC Oberhausen-Styrum 1990 e.V.\",\"isPartOf\":{\"@id\":\"https:\\\/\\\/ssc1990.de\\\/#website\"},\"datePublished\":\"2023-03-18T16:42:39+00:00\",\"dateModified\":\"2023-03-18T18:45:10+00:00\",\"breadcrumb\":{\"@id\":\"https:\\\/\\\/ssc1990.de\\\/index.php\\\/schiessstaende\\\/#breadcrumb\"},\"inLanguage\":\"de\",\"potentialAction\":[{\"@type\":\"ReadAction\",\"target\":[\"https:\\\/\\\/ssc1990.de\\\/index.php\\\/schiessstaende\\\/\"]}]},{\"@type\":\"BreadcrumbList\",\"@id\":\"https:\\\/\\\/ssc1990.de\\\/index.php\\\/schiessstaende\\\/#breadcrumb\",\"itemListElement\":[{\"@type\":\"ListItem\",\"position\":1,\"name\":\"Startseite\",\"item\":\"https:\\\/\\\/ssc1990.de\\\/\"},{\"@type\":\"ListItem\",\"position\":2,\"name\":\"Schie\u00dfst\u00e4nde\"}]},{\"@type\":\"WebSite\",\"@id\":\"https:\\\/\\\/ssc1990.de\\\/#website\",\"url\":\"https:\\\/\\\/ssc1990.de\\\/\",\"name\":\"SSC1990.de\",\"description\":\"Sportsch\u00fctzenclub Oberhausen-Styrum 1990 e.V.\",\"publisher\":{\"@id\":\"https:\\\/\\\/ssc1990.de\\\/#organization\"},\"potentialAction\":[{\"@type\":\"SearchAction\",\"target\":{\"@type\":\"EntryPoint\",\"urlTemplate\":\"https:\\\/\\\/ssc1990.de\\\/?s={search_term_string}\"},\"query-input\":{\"@type\":\"PropertyValueSpecification\",\"valueRequired\":true,\"valueName\":\"search_term_string\"}}],\"inLanguage\":\"de\"},{\"@type\":\"Organization\",\"@id\":\"https:\\\/\\\/ssc1990.de\\\/#organization\",\"name\":\"SSC1990.de\",\"url\":\"https:\\\/\\\/ssc1990.de\\\/\",\"logo\":{\"@type\":\"ImageObject\",\"inLanguage\":\"de\",\"@id\":\"https:\\\/\\\/ssc1990.de\\\/#\\\/schema\\\/logo\\\/image\\\/\",\"url\":\"https:\\\/\\\/ssc1990.de\\\/wp-content\\\/uploads\\\/2023\\\/03\\\/logo.jpg\",\"contentUrl\":\"https:\\\/\\\/ssc1990.de\\\/wp-content\\\/uploads\\\/2023\\\/03\\\/logo.jpg\",\"width\":1000,\"height\":594,\"caption\":\"SSC1990.de\"},\"image\":{\"@id\":\"https:\\\/\\\/ssc1990.de\\\/#\\\/schema\\\/logo\\\/image\\\/\"}}]}<\/script>\n<!-- \/ Yoast SEO plugin. -->","yoast_head_json":{"title":"Schie\u00dfst\u00e4nde &#8211; SSC Oberhausen-Styrum 1990 e.V.","robots":{"index":"index","follow":"follow","max-snippet":"max-snippet:-1","max-image-preview":"max-image-preview:large","max-video-preview":"max-video-preview:-1"},"canonical":"https:\/\/ssc1990.de\/index.php\/schiessstaende\/","og_locale":"de_DE","og_type":"article","og_title":"Schie\u00dfst\u00e4nde &#8211; SSC Oberhausen-Styrum 1990 e.V.","og_description":"Schie\u00dfst\u00e4ndeDer Verein verf\u00fcgt \u00fcber eine Raumschie\u00dfanlage mit 2 getrennten Schie\u00dfst\u00e4nden, die nach den neuesten Regeln der Sportordnung ausgestattet wurden. So entspricht die Beleuchtung in Raum und Sch\u00fctzenstand den geforderten 300 Lux und die Scheibenbeleuchtung erreicht 1100 Lux. Die wei\u00df-gr\u00fcne Wand- und Deckenverkleidung sorgt f\u00fcr ausgeglichene Lichtverh\u00e4ltnisse. Folgende Disziplinen k\u00f6nnen auf dem kombinierten vereinseigenen Stand geschossen [&hellip;]","og_url":"https:\/\/ssc1990.de\/index.php\/schiessstaende\/","og_site_name":"SSC Oberhausen-Styrum 1990 e.V.","article_modified_time":"2023-03-18T18:45:10+00:00","twitter_card":"summary_large_image","twitter_misc":{"Gesch\u00e4tzte Lesezeit":"2\u00a0Minuten"},"schema":{"@context":"https:\/\/schema.org","@graph":[{"@type":"WebPage","@id":"https:\/\/ssc1990.de\/index.php\/schiessstaende\/","url":"https:\/\/ssc1990.de\/index.php\/schiessstaende\/","name":"Schie\u00dfst\u00e4nde &#8211; SSC Oberhausen-Styrum 1990 e.V.","isPartOf":{"@id":"https:\/\/ssc1990.de\/#website"},"datePublished":"2023-03-18T16:42:39+00:00","dateModified":"2023-03-18T18:45:10+00:00","breadcrumb":{"@id":"https:\/\/ssc1990.de\/index.php\/schiessstaende\/#breadcrumb"},"inLanguage":"de","potentialAction":[{"@type":"ReadAction","target":["https:\/\/ssc1990.de\/index.php\/schiessstaende\/"]}]},{"@type":"BreadcrumbList","@id":"https:\/\/ssc1990.de\/index.php\/schiessstaende\/#breadcrumb","itemListElement":[{"@type":"ListItem","position":1,"name":"Startseite","item":"https:\/\/ssc1990.de\/"},{"@type":"ListItem","position":2,"name":"Schie\u00dfst\u00e4nde"}]},{"@type":"WebSite","@id":"https:\/\/ssc1990.de\/#website","url":"https:\/\/ssc1990.de\/","name":"SSC1990.de","description":"Sportsch\u00fctzenclub Oberhausen-Styrum 1990 e.V.","publisher":{"@id":"https:\/\/ssc1990.de\/#organization"},"potentialAction":[{"@type":"SearchAction","target":{"@type":"EntryPoint","urlTemplate":"https:\/\/ssc1990.de\/?s={search_term_string}"},"query-input":{"@type":"PropertyValueSpecification","valueRequired":true,"valueName":"search_term_string"}}],"inLanguage":"de"},{"@type":"Organization","@id":"https:\/\/ssc1990.de\/#organization","name":"SSC1990.de","url":"https:\/\/ssc1990.de\/","logo":{"@type":"ImageObject","inLanguage":"de","@id":"https:\/\/ssc1990.de\/#\/schema\/logo\/image\/","url":"https:\/\/ssc1990.de\/wp-content\/uploads\/2023\/03\/logo.jpg","contentUrl":"https:\/\/ssc1990.de\/wp-content\/uploads\/2023\/03\/logo.jpg","width":1000,"height":594,"caption":"SSC1990.de"},"image":{"@id":"https:\/\/ssc1990.de\/#\/schema\/logo\/image\/"}}]}},"_links":{"self":[{"href":"https:\/\/ssc1990.de\/index.php\/wp-json\/wp\/v2\/pages\/41","targetHints":{"allow":["GET"]}}],"collection":[{"href":"https:\/\/ssc1990.de\/index.php\/wp-json\/wp\/v2\/pages"}],"about":[{"href":"https:\/\/ssc1990.de\/index.php\/wp-json\/wp\/v2\/types\/page"}],"author":[{"embeddable":true,"href":"https:\/\/ssc1990.de\/index.php\/wp-json\/wp\/v2\/users\/1"}],"replies":[{"embeddable":true,"href":"https:\/\/ssc1990.de\/index.php\/wp-json\/wp\/v2\/comments?post=41"}],"version-history":[{"count":3,"href":"https:\/\/ssc1990.de\/index.php\/wp-json\/wp\/v2\/pages\/41\/revisions"}],"predecessor-version":[{"id":156,"href":"https:\/\/ssc1990.de\/index.php\/wp-json\/wp\/v2\/pages\/41\/revisions\/156"}],"wp:attachment":[{"href":"https:\/\/ssc1990.de\/index.php\/wp-json\/wp\/v2\/media?parent=41"}],"curies":[{"name":"wp","href":"https:\/\/api.w.org\/{rel}","templated":true}]}}