{"id":42,"date":"2023-03-18T17:42:21","date_gmt":"2023-03-18T16:42:21","guid":{"rendered":"https:\/\/ssc1990.de\/?page_id=42"},"modified":"2023-03-18T18:50:15","modified_gmt":"2023-03-18T17:50:15","slug":"verein","status":"publish","type":"page","link":"https:\/\/ssc1990.de\/index.php\/verein\/","title":{"rendered":"Verein"},"content":{"rendered":"<p>[et_pb_section fb_built=&#8220;1&#8243; _builder_version=&#8220;4.20.2&#8243; _module_preset=&#8220;default&#8220; global_colors_info=&#8220;{}&#8220;][et_pb_row column_structure=&#8220;2_3,1_3&#8243; _builder_version=&#8220;4.20.2&#8243; _module_preset=&#8220;default&#8220; global_colors_info=&#8220;{}&#8220;][et_pb_column type=&#8220;2_3&#8243; _builder_version=&#8220;4.20.2&#8243; _module_preset=&#8220;default&#8220; global_colors_info=&#8220;{}&#8220;][et_pb_text _builder_version=&#8220;4.20.2&#8243; _module_preset=&#8220;default&#8220; max_width=&#8220;69%&#8220; hover_enabled=&#8220;0&#8243; global_colors_info=&#8220;{}&#8220; sticky_enabled=&#8220;0&#8243;]<\/p>\n<h1>Verein<\/h1>\n<p>[\/et_pb_text][et_pb_text _builder_version=&#8220;4.20.2&#8243; _module_preset=&#8220;default&#8220; hover_enabled=&#8220;0&#8243; global_colors_info=&#8220;{}&#8220; sticky_enabled=&#8220;0&#8243;]<\/p>\n<p>In einem Artikel von \u201eStyrum Intern\u201c erl\u00e4uterte Helmut M\u00fchling, wie sein Vorhaben eines neues Schie\u00dfstandes in Oberhausen verwirklicht werden konnte. Als zielstrebiger Mann setzte er seine Vision\u00a0um und gab dem, passend\u00a0zur Errichtung\u00a0der Schie\u00dfsportanlage, neu gegr\u00fcndeten Verein seinen heutigen Namen. Das Gr\u00fcndungsjahr tr\u00e4gt der Verein bis heute\u00a0im Namen. Bereits kurz nach Vereinsgr\u00fcndung stiegen die Mitgliederzahlen so stark an, dass an Trainingstagen Wartelisten n\u00f6tig wurden. Durch die Ausweitung der Trainingszeiten auf zus\u00e4tzliche Wochentage haben wir heute keine Wartelisten mehr und bieten den Schie\u00dfsport an sechs Wochentagen an, wobei ein Wochentag f\u00fcr Wettk\u00e4mpfe bzw. Interessenten reserviert ist.<\/p>\n<p>Wettbewerbserfolge lie\u00dfen nicht lange auf sich warten. Bereits im ersten Jahr des Bestehens verzeichnete\u00a0der Vereins viele offizielle Siege. Damals wurde die Auswertung der beschossenen Scheiben noch \u201evon Hand\u201c durchgef\u00fchrt. Heute wird neueste Technik eingesetzt, wodurch die Auswertung der beschossenen Scheiben rein objektiv erfolgt und nicht aus dem individuellen Blickwinkel eines Betrachters. Die Nutzung dieser Technik wird heute nicht nur in Wettkampfsituationen, sondern auch f\u00fcrs regul\u00e4re Training genutzt.<\/p>\n<p>Unsere Vereins- und Trainingsr\u00e4ume werden durch Investitionen stets auf dem neuesten Stand der Technik gehalten, was nicht nur hohe gesetzliche Anforderungen erf\u00fcllt, sondern sich auch in der Akzeptanz unserer Mitglieder und G\u00e4ste wiederspiegelt. Unsere R\u00e4umlichkeiten sind freundlich gestaltet und haben mit kalten und trostlosen St\u00e4nden vieler anderer Vereine nichts gemein. Dieses positive Feedback erhalten wir oft, was uns in unserer Arbeit best\u00e4tigt.<\/p>\n<p>Der SSC 1990 e.V. ist ein Sportsch\u00fctzenclub, dessen Focus auf dem Schie\u00dfsport und nicht der Brauchtumspflege liegt, wie es in regul\u00e4ren Sch\u00fctzenvereinen der Fall ist. Gleichwohl ist unser Vereinsleben gesellig, weil unsere Mitglieder die Zeit vor und nach dem Training gerne f\u00fcr eine Unterhaltung unter Gleichgesinnten nutzen.<\/p>\n<p>Dem Vereinsgr\u00fcnder war es stets ein gro\u00dfes Anliegen, die Jugend vom Schie\u00dfsport zu begeistern, weswegen die Jugendarbeit auch heute noch eine wesentliche S\u00e4ule unserer T\u00e4tigkeit darstellt.<\/p>\n<p>[\/et_pb_text][\/et_pb_column][et_pb_column type=&#8220;1_3&#8243; _builder_version=&#8220;4.20.2&#8243; _module_preset=&#8220;default&#8220; global_colors_info=&#8220;{}&#8220;][et_pb_sidebar _builder_version=&#8220;4.20.2&#8243; _module_preset=&#8220;default&#8220; width=&#8220;100%&#8220; max_width=&#8220;100%&#8220; module_alignment=&#8220;left&#8220; global_colors_info=&#8220;{}&#8220;][\/et_pb_sidebar][\/et_pb_column][\/et_pb_row][\/et_pb_section]<\/p>\n","protected":false},"excerpt":{"rendered":"<p>VereinIn einem Artikel von \u201eStyrum Intern\u201c erl\u00e4uterte Helmut M\u00fchling, wie sein Vorhaben eines neues Schie\u00dfstandes in Oberhausen verwirklicht werden konnte. Als zielstrebiger Mann setzte er seine Vision\u00a0um und gab dem, passend\u00a0zur Errichtung\u00a0der Schie\u00dfsportanlage, neu gegr\u00fcndeten Verein seinen heutigen Namen. Das Gr\u00fcndungsjahr tr\u00e4gt der Verein bis heute\u00a0im Namen. Bereits kurz nach Vereinsgr\u00fcndung stiegen die Mitgliederzahlen so [&hellip;]<\/p>\n","protected":false},"author":1,"featured_media":0,"parent":0,"menu_order":0,"comment_status":"closed","ping_status":"closed","template":"","meta":{"_et_pb_use_builder":"on","_et_pb_old_content":"","_et_gb_content_width":"","footnotes":""},"class_list":["post-42","page","type-page","status-publish","hentry"],"yoast_head":"<!-- This site is optimized with the Yoast SEO plugin v27.4 - https:\/\/yoast.com\/product\/yoast-seo-wordpress\/ -->\n<title>Verein &#8211; SSC Oberhausen-Styrum 1990 e.V.<\/title>\n<meta name=\"robots\" content=\"index, follow, max-snippet:-1, max-image-preview:large, max-video-preview:-1\" \/>\n<link rel=\"canonical\" href=\"https:\/\/ssc1990.de\/index.php\/verein\/\" \/>\n<meta property=\"og:locale\" content=\"de_DE\" \/>\n<meta property=\"og:type\" content=\"article\" \/>\n<meta property=\"og:title\" content=\"Verein &#8211; SSC Oberhausen-Styrum 1990 e.V.\" \/>\n<meta property=\"og:description\" content=\"VereinIn einem Artikel von \u201eStyrum Intern\u201c erl\u00e4uterte Helmut M\u00fchling, wie sein Vorhaben eines neues Schie\u00dfstandes in Oberhausen verwirklicht werden konnte. Als zielstrebiger Mann setzte er seine Vision\u00a0um und gab dem, passend\u00a0zur Errichtung\u00a0der Schie\u00dfsportanlage, neu gegr\u00fcndeten Verein seinen heutigen Namen. Das Gr\u00fcndungsjahr tr\u00e4gt der Verein bis heute\u00a0im Namen. Bereits kurz nach Vereinsgr\u00fcndung stiegen die Mitgliederzahlen so [&hellip;]\" \/>\n<meta property=\"og:url\" content=\"https:\/\/ssc1990.de\/index.php\/verein\/\" \/>\n<meta property=\"og:site_name\" content=\"SSC Oberhausen-Styrum 1990 e.V.\" \/>\n<meta property=\"article:modified_time\" content=\"2023-03-18T17:50:15+00:00\" \/>\n<meta name=\"twitter:card\" content=\"summary_large_image\" \/>\n<meta name=\"twitter:label1\" content=\"Gesch\u00e4tzte Lesezeit\" \/>\n\t<meta name=\"twitter:data1\" content=\"2\u00a0Minuten\" \/>\n<script type=\"application\/ld+json\" class=\"yoast-schema-graph\">{\"@context\":\"https:\\\/\\\/schema.org\",\"@graph\":[{\"@type\":\"WebPage\",\"@id\":\"https:\\\/\\\/ssc1990.de\\\/index.php\\\/verein\\\/\",\"url\":\"https:\\\/\\\/ssc1990.de\\\/index.php\\\/verein\\\/\",\"name\":\"Verein &#8211; SSC Oberhausen-Styrum 1990 e.V.\",\"isPartOf\":{\"@id\":\"https:\\\/\\\/ssc1990.de\\\/#website\"},\"datePublished\":\"2023-03-18T16:42:21+00:00\",\"dateModified\":\"2023-03-18T17:50:15+00:00\",\"breadcrumb\":{\"@id\":\"https:\\\/\\\/ssc1990.de\\\/index.php\\\/verein\\\/#breadcrumb\"},\"inLanguage\":\"de\",\"potentialAction\":[{\"@type\":\"ReadAction\",\"target\":[\"https:\\\/\\\/ssc1990.de\\\/index.php\\\/verein\\\/\"]}]},{\"@type\":\"BreadcrumbList\",\"@id\":\"https:\\\/\\\/ssc1990.de\\\/index.php\\\/verein\\\/#breadcrumb\",\"itemListElement\":[{\"@type\":\"ListItem\",\"position\":1,\"name\":\"Startseite\",\"item\":\"https:\\\/\\\/ssc1990.de\\\/\"},{\"@type\":\"ListItem\",\"position\":2,\"name\":\"Verein\"}]},{\"@type\":\"WebSite\",\"@id\":\"https:\\\/\\\/ssc1990.de\\\/#website\",\"url\":\"https:\\\/\\\/ssc1990.de\\\/\",\"name\":\"SSC1990.de\",\"description\":\"Sportsch\u00fctzenclub Oberhausen-Styrum 1990 e.V.\",\"publisher\":{\"@id\":\"https:\\\/\\\/ssc1990.de\\\/#organization\"},\"potentialAction\":[{\"@type\":\"SearchAction\",\"target\":{\"@type\":\"EntryPoint\",\"urlTemplate\":\"https:\\\/\\\/ssc1990.de\\\/?s={search_term_string}\"},\"query-input\":{\"@type\":\"PropertyValueSpecification\",\"valueRequired\":true,\"valueName\":\"search_term_string\"}}],\"inLanguage\":\"de\"},{\"@type\":\"Organization\",\"@id\":\"https:\\\/\\\/ssc1990.de\\\/#organization\",\"name\":\"SSC1990.de\",\"url\":\"https:\\\/\\\/ssc1990.de\\\/\",\"logo\":{\"@type\":\"ImageObject\",\"inLanguage\":\"de\",\"@id\":\"https:\\\/\\\/ssc1990.de\\\/#\\\/schema\\\/logo\\\/image\\\/\",\"url\":\"https:\\\/\\\/ssc1990.de\\\/wp-content\\\/uploads\\\/2023\\\/03\\\/logo.jpg\",\"contentUrl\":\"https:\\\/\\\/ssc1990.de\\\/wp-content\\\/uploads\\\/2023\\\/03\\\/logo.jpg\",\"width\":1000,\"height\":594,\"caption\":\"SSC1990.de\"},\"image\":{\"@id\":\"https:\\\/\\\/ssc1990.de\\\/#\\\/schema\\\/logo\\\/image\\\/\"}}]}<\/script>\n<!-- \/ Yoast SEO plugin. -->","yoast_head_json":{"title":"Verein &#8211; SSC Oberhausen-Styrum 1990 e.V.","robots":{"index":"index","follow":"follow","max-snippet":"max-snippet:-1","max-image-preview":"max-image-preview:large","max-video-preview":"max-video-preview:-1"},"canonical":"https:\/\/ssc1990.de\/index.php\/verein\/","og_locale":"de_DE","og_type":"article","og_title":"Verein &#8211; SSC Oberhausen-Styrum 1990 e.V.","og_description":"VereinIn einem Artikel von \u201eStyrum Intern\u201c erl\u00e4uterte Helmut M\u00fchling, wie sein Vorhaben eines neues Schie\u00dfstandes in Oberhausen verwirklicht werden konnte. Als zielstrebiger Mann setzte er seine Vision\u00a0um und gab dem, passend\u00a0zur Errichtung\u00a0der Schie\u00dfsportanlage, neu gegr\u00fcndeten Verein seinen heutigen Namen. Das Gr\u00fcndungsjahr tr\u00e4gt der Verein bis heute\u00a0im Namen. Bereits kurz nach Vereinsgr\u00fcndung stiegen die Mitgliederzahlen so [&hellip;]","og_url":"https:\/\/ssc1990.de\/index.php\/verein\/","og_site_name":"SSC Oberhausen-Styrum 1990 e.V.","article_modified_time":"2023-03-18T17:50:15+00:00","twitter_card":"summary_large_image","twitter_misc":{"Gesch\u00e4tzte Lesezeit":"2\u00a0Minuten"},"schema":{"@context":"https:\/\/schema.org","@graph":[{"@type":"WebPage","@id":"https:\/\/ssc1990.de\/index.php\/verein\/","url":"https:\/\/ssc1990.de\/index.php\/verein\/","name":"Verein &#8211; SSC Oberhausen-Styrum 1990 e.V.","isPartOf":{"@id":"https:\/\/ssc1990.de\/#website"},"datePublished":"2023-03-18T16:42:21+00:00","dateModified":"2023-03-18T17:50:15+00:00","breadcrumb":{"@id":"https:\/\/ssc1990.de\/index.php\/verein\/#breadcrumb"},"inLanguage":"de","potentialAction":[{"@type":"ReadAction","target":["https:\/\/ssc1990.de\/index.php\/verein\/"]}]},{"@type":"BreadcrumbList","@id":"https:\/\/ssc1990.de\/index.php\/verein\/#breadcrumb","itemListElement":[{"@type":"ListItem","position":1,"name":"Startseite","item":"https:\/\/ssc1990.de\/"},{"@type":"ListItem","position":2,"name":"Verein"}]},{"@type":"WebSite","@id":"https:\/\/ssc1990.de\/#website","url":"https:\/\/ssc1990.de\/","name":"SSC1990.de","description":"Sportsch\u00fctzenclub Oberhausen-Styrum 1990 e.V.","publisher":{"@id":"https:\/\/ssc1990.de\/#organization"},"potentialAction":[{"@type":"SearchAction","target":{"@type":"EntryPoint","urlTemplate":"https:\/\/ssc1990.de\/?s={search_term_string}"},"query-input":{"@type":"PropertyValueSpecification","valueRequired":true,"valueName":"search_term_string"}}],"inLanguage":"de"},{"@type":"Organization","@id":"https:\/\/ssc1990.de\/#organization","name":"SSC1990.de","url":"https:\/\/ssc1990.de\/","logo":{"@type":"ImageObject","inLanguage":"de","@id":"https:\/\/ssc1990.de\/#\/schema\/logo\/image\/","url":"https:\/\/ssc1990.de\/wp-content\/uploads\/2023\/03\/logo.jpg","contentUrl":"https:\/\/ssc1990.de\/wp-content\/uploads\/2023\/03\/logo.jpg","width":1000,"height":594,"caption":"SSC1990.de"},"image":{"@id":"https:\/\/ssc1990.de\/#\/schema\/logo\/image\/"}}]}},"_links":{"self":[{"href":"https:\/\/ssc1990.de\/index.php\/wp-json\/wp\/v2\/pages\/42","targetHints":{"allow":["GET"]}}],"collection":[{"href":"https:\/\/ssc1990.de\/index.php\/wp-json\/wp\/v2\/pages"}],"about":[{"href":"https:\/\/ssc1990.de\/index.php\/wp-json\/wp\/v2\/types\/page"}],"author":[{"embeddable":true,"href":"https:\/\/ssc1990.de\/index.php\/wp-json\/wp\/v2\/users\/1"}],"replies":[{"embeddable":true,"href":"https:\/\/ssc1990.de\/index.php\/wp-json\/wp\/v2\/comments?post=42"}],"version-history":[{"count":2,"href":"https:\/\/ssc1990.de\/index.php\/wp-json\/wp\/v2\/pages\/42\/revisions"}],"predecessor-version":[{"id":139,"href":"https:\/\/ssc1990.de\/index.php\/wp-json\/wp\/v2\/pages\/42\/revisions\/139"}],"wp:attachment":[{"href":"https:\/\/ssc1990.de\/index.php\/wp-json\/wp\/v2\/media?parent=42"}],"curies":[{"name":"wp","href":"https:\/\/api.w.org\/{rel}","templated":true}]}}