{"id":43,"date":"2023-03-18T17:42:00","date_gmt":"2023-03-18T16:42:00","guid":{"rendered":"https:\/\/ssc1990.de\/?page_id=43"},"modified":"2026-02-04T07:08:48","modified_gmt":"2026-02-04T06:08:48","slug":"links","status":"publish","type":"page","link":"https:\/\/ssc1990.de\/index.php\/links\/","title":{"rendered":"Links"},"content":{"rendered":"<p>[et_pb_section fb_built=&#8220;1&#8243; _builder_version=&#8220;4.20.2&#8243; _module_preset=&#8220;default&#8220; global_colors_info=&#8220;{}&#8220;][et_pb_row column_structure=&#8220;2_3,1_3&#8243; _builder_version=&#8220;4.20.2&#8243; _module_preset=&#8220;default&#8220; global_colors_info=&#8220;{}&#8220;][et_pb_column type=&#8220;2_3&#8243; _builder_version=&#8220;4.20.2&#8243; _module_preset=&#8220;default&#8220; global_colors_info=&#8220;{}&#8220;][et_pb_text _builder_version=&#8220;4.20.2&#8243; _module_preset=&#8220;default&#8220; max_width=&#8220;69%&#8220; global_colors_info=&#8220;{}&#8220;]<\/p>\n<h1>Links<\/h1>\n<p>[\/et_pb_text][et_pb_text _builder_version=&#8220;4.20.2&#8243; _module_preset=&#8220;default&#8220; hover_enabled=&#8220;0&#8243; global_colors_info=&#8220;{}&#8220; sticky_enabled=&#8220;0&#8243;]<\/p>\n<table style=\"width: 375.5px;\" border=\"0\" cellspacing=\"0\" cellpadding=\"0\">\n<tbody>\n<tr>\n<td style=\"width: 26px;\" height=\"19\"><\/td>\n<td style=\"width: 321.5px;\">\n<h2><strong>Verb\u00e4nde<\/strong><\/h2>\n<\/td>\n<\/tr>\n<tr>\n<td style=\"width: 26px;\" height=\"17\"><\/td>\n<td style=\"width: 321.5px;\"><a href=\"https:\/\/www.dsb.de\/\"><span style=\"color: #0066cc;\">Deutscher Sch\u00fctzenbund<\/span><\/a><\/td>\n<\/tr>\n<tr>\n<td style=\"width: 26px;\" height=\"17\"><\/td>\n<td style=\"width: 321.5px;\"><a href=\"http:\/\/www.rheinischer-schuetzenbund.de\/\" target=\"_new\" rel=\"noopener\"><span style=\"color: #0066cc;\">Rheinischer Sch\u00fctzenbund<\/span><\/a><\/td>\n<\/tr>\n<tr>\n<td style=\"width: 26px;\" height=\"17\"><\/td>\n<td style=\"width: 321.5px;\"><a href=\"http:\/\/www.gebiet-nord.de\/\" target=\"_new\" rel=\"noopener\"><span style=\"color: #0066cc;\">Gebiet Nord<\/span><\/a><\/td>\n<\/tr>\n<tr>\n<td style=\"width: 26px;\" height=\"17\"><\/td>\n<td style=\"width: 321.5px;\"><a href=\"https:\/\/bezirk01-rsb.de\/der-verein\/informationen-updates\/\" target=\"_blank\" rel=\"noopener\"><span style=\"color: #0066cc;\">Bezirk 01 (Rechter Niederrhein)<\/span><\/a><\/td>\n<\/tr>\n<tr>\n<td style=\"width: 26px;\" height=\"17\"><\/td>\n<td style=\"width: 321.5px;\"><a href=\"http:\/\/www.schuetzenkreis011.de\" target=\"_new\" rel=\"noopener\"><span style=\"color: #0066cc;\">Kreis 011 (M\u00fclheim\/Oberhausen)<\/span><\/a><\/td>\n<\/tr>\n<tr>\n<td style=\"width: 26px;\"><\/td>\n<td style=\"width: 321.5px;\"><a href=\"http:\/\/www.wir-im-sport.de\/\" target=\"_new\" rel=\"noopener\"><span style=\"color: #0066cc;\">Landessportbund<\/span><\/a><\/td>\n<\/tr>\n<\/tbody>\n<\/table>\n<p>&nbsp;<\/p>\n<p>[\/et_pb_text][\/et_pb_column][et_pb_column type=&#8220;1_3&#8243; _builder_version=&#8220;4.20.2&#8243; _module_preset=&#8220;default&#8220; global_colors_info=&#8220;{}&#8220;][et_pb_sidebar _builder_version=&#8220;4.20.2&#8243; _module_preset=&#8220;default&#8220; width=&#8220;100%&#8220; max_width=&#8220;100%&#8220; module_alignment=&#8220;left&#8220; global_colors_info=&#8220;{}&#8220;][\/et_pb_sidebar][\/et_pb_column][\/et_pb_row][\/et_pb_section]<\/p>\n","protected":false},"excerpt":{"rendered":"<p>Links Verb\u00e4nde Deutscher Sch\u00fctzenbund Rheinischer Sch\u00fctzenbund Gebiet Nord Bezirk 01 (Rechter Niederrhein) Kreis 011 (M\u00fclheim\/Oberhausen) Landessportbund &nbsp;<\/p>\n","protected":false},"author":1,"featured_media":0,"parent":0,"menu_order":0,"comment_status":"closed","ping_status":"closed","template":"","meta":{"_et_pb_use_builder":"on","_et_pb_old_content":"","_et_gb_content_width":"","footnotes":""},"class_list":["post-43","page","type-page","status-publish","hentry"],"yoast_head":"<!-- This site is optimized with the Yoast SEO plugin v27.4 - https:\/\/yoast.com\/product\/yoast-seo-wordpress\/ -->\n<title>Links &#8211; SSC Oberhausen-Styrum 1990 e.V.<\/title>\n<meta name=\"robots\" content=\"index, follow, max-snippet:-1, max-image-preview:large, max-video-preview:-1\" \/>\n<link rel=\"canonical\" href=\"https:\/\/ssc1990.de\/index.php\/links\/\" \/>\n<meta property=\"og:locale\" content=\"de_DE\" \/>\n<meta property=\"og:type\" content=\"article\" \/>\n<meta property=\"og:title\" content=\"Links &#8211; SSC Oberhausen-Styrum 1990 e.V.\" \/>\n<meta property=\"og:description\" content=\"Links Verb\u00e4nde Deutscher Sch\u00fctzenbund Rheinischer Sch\u00fctzenbund Gebiet Nord Bezirk 01 (Rechter Niederrhein) Kreis 011 (M\u00fclheim\/Oberhausen) Landessportbund &nbsp;\" \/>\n<meta property=\"og:url\" content=\"https:\/\/ssc1990.de\/index.php\/links\/\" \/>\n<meta property=\"og:site_name\" content=\"SSC Oberhausen-Styrum 1990 e.V.\" \/>\n<meta property=\"article:modified_time\" content=\"2026-02-04T06:08:48+00:00\" \/>\n<meta name=\"twitter:card\" content=\"summary_large_image\" \/>\n<meta name=\"twitter:label1\" content=\"Gesch\u00e4tzte Lesezeit\" \/>\n\t<meta name=\"twitter:data1\" content=\"2\u00a0Minuten\" \/>\n<script type=\"application\/ld+json\" class=\"yoast-schema-graph\">{\"@context\":\"https:\\\/\\\/schema.org\",\"@graph\":[{\"@type\":\"WebPage\",\"@id\":\"https:\\\/\\\/ssc1990.de\\\/index.php\\\/links\\\/\",\"url\":\"https:\\\/\\\/ssc1990.de\\\/index.php\\\/links\\\/\",\"name\":\"Links &#8211; SSC Oberhausen-Styrum 1990 e.V.\",\"isPartOf\":{\"@id\":\"https:\\\/\\\/ssc1990.de\\\/#website\"},\"datePublished\":\"2023-03-18T16:42:00+00:00\",\"dateModified\":\"2026-02-04T06:08:48+00:00\",\"breadcrumb\":{\"@id\":\"https:\\\/\\\/ssc1990.de\\\/index.php\\\/links\\\/#breadcrumb\"},\"inLanguage\":\"de\",\"potentialAction\":[{\"@type\":\"ReadAction\",\"target\":[\"https:\\\/\\\/ssc1990.de\\\/index.php\\\/links\\\/\"]}]},{\"@type\":\"BreadcrumbList\",\"@id\":\"https:\\\/\\\/ssc1990.de\\\/index.php\\\/links\\\/#breadcrumb\",\"itemListElement\":[{\"@type\":\"ListItem\",\"position\":1,\"name\":\"Startseite\",\"item\":\"https:\\\/\\\/ssc1990.de\\\/\"},{\"@type\":\"ListItem\",\"position\":2,\"name\":\"Links\"}]},{\"@type\":\"WebSite\",\"@id\":\"https:\\\/\\\/ssc1990.de\\\/#website\",\"url\":\"https:\\\/\\\/ssc1990.de\\\/\",\"name\":\"SSC1990.de\",\"description\":\"Sportsch\u00fctzenclub Oberhausen-Styrum 1990 e.V.\",\"publisher\":{\"@id\":\"https:\\\/\\\/ssc1990.de\\\/#organization\"},\"potentialAction\":[{\"@type\":\"SearchAction\",\"target\":{\"@type\":\"EntryPoint\",\"urlTemplate\":\"https:\\\/\\\/ssc1990.de\\\/?s={search_term_string}\"},\"query-input\":{\"@type\":\"PropertyValueSpecification\",\"valueRequired\":true,\"valueName\":\"search_term_string\"}}],\"inLanguage\":\"de\"},{\"@type\":\"Organization\",\"@id\":\"https:\\\/\\\/ssc1990.de\\\/#organization\",\"name\":\"SSC1990.de\",\"url\":\"https:\\\/\\\/ssc1990.de\\\/\",\"logo\":{\"@type\":\"ImageObject\",\"inLanguage\":\"de\",\"@id\":\"https:\\\/\\\/ssc1990.de\\\/#\\\/schema\\\/logo\\\/image\\\/\",\"url\":\"https:\\\/\\\/ssc1990.de\\\/wp-content\\\/uploads\\\/2023\\\/03\\\/logo.jpg\",\"contentUrl\":\"https:\\\/\\\/ssc1990.de\\\/wp-content\\\/uploads\\\/2023\\\/03\\\/logo.jpg\",\"width\":1000,\"height\":594,\"caption\":\"SSC1990.de\"},\"image\":{\"@id\":\"https:\\\/\\\/ssc1990.de\\\/#\\\/schema\\\/logo\\\/image\\\/\"}}]}<\/script>\n<!-- \/ Yoast SEO plugin. -->","yoast_head_json":{"title":"Links &#8211; SSC Oberhausen-Styrum 1990 e.V.","robots":{"index":"index","follow":"follow","max-snippet":"max-snippet:-1","max-image-preview":"max-image-preview:large","max-video-preview":"max-video-preview:-1"},"canonical":"https:\/\/ssc1990.de\/index.php\/links\/","og_locale":"de_DE","og_type":"article","og_title":"Links &#8211; SSC Oberhausen-Styrum 1990 e.V.","og_description":"Links Verb\u00e4nde Deutscher Sch\u00fctzenbund Rheinischer Sch\u00fctzenbund Gebiet Nord Bezirk 01 (Rechter Niederrhein) Kreis 011 (M\u00fclheim\/Oberhausen) Landessportbund &nbsp;","og_url":"https:\/\/ssc1990.de\/index.php\/links\/","og_site_name":"SSC Oberhausen-Styrum 1990 e.V.","article_modified_time":"2026-02-04T06:08:48+00:00","twitter_card":"summary_large_image","twitter_misc":{"Gesch\u00e4tzte Lesezeit":"2\u00a0Minuten"},"schema":{"@context":"https:\/\/schema.org","@graph":[{"@type":"WebPage","@id":"https:\/\/ssc1990.de\/index.php\/links\/","url":"https:\/\/ssc1990.de\/index.php\/links\/","name":"Links &#8211; SSC Oberhausen-Styrum 1990 e.V.","isPartOf":{"@id":"https:\/\/ssc1990.de\/#website"},"datePublished":"2023-03-18T16:42:00+00:00","dateModified":"2026-02-04T06:08:48+00:00","breadcrumb":{"@id":"https:\/\/ssc1990.de\/index.php\/links\/#breadcrumb"},"inLanguage":"de","potentialAction":[{"@type":"ReadAction","target":["https:\/\/ssc1990.de\/index.php\/links\/"]}]},{"@type":"BreadcrumbList","@id":"https:\/\/ssc1990.de\/index.php\/links\/#breadcrumb","itemListElement":[{"@type":"ListItem","position":1,"name":"Startseite","item":"https:\/\/ssc1990.de\/"},{"@type":"ListItem","position":2,"name":"Links"}]},{"@type":"WebSite","@id":"https:\/\/ssc1990.de\/#website","url":"https:\/\/ssc1990.de\/","name":"SSC1990.de","description":"Sportsch\u00fctzenclub Oberhausen-Styrum 1990 e.V.","publisher":{"@id":"https:\/\/ssc1990.de\/#organization"},"potentialAction":[{"@type":"SearchAction","target":{"@type":"EntryPoint","urlTemplate":"https:\/\/ssc1990.de\/?s={search_term_string}"},"query-input":{"@type":"PropertyValueSpecification","valueRequired":true,"valueName":"search_term_string"}}],"inLanguage":"de"},{"@type":"Organization","@id":"https:\/\/ssc1990.de\/#organization","name":"SSC1990.de","url":"https:\/\/ssc1990.de\/","logo":{"@type":"ImageObject","inLanguage":"de","@id":"https:\/\/ssc1990.de\/#\/schema\/logo\/image\/","url":"https:\/\/ssc1990.de\/wp-content\/uploads\/2023\/03\/logo.jpg","contentUrl":"https:\/\/ssc1990.de\/wp-content\/uploads\/2023\/03\/logo.jpg","width":1000,"height":594,"caption":"SSC1990.de"},"image":{"@id":"https:\/\/ssc1990.de\/#\/schema\/logo\/image\/"}}]}},"_links":{"self":[{"href":"https:\/\/ssc1990.de\/index.php\/wp-json\/wp\/v2\/pages\/43","targetHints":{"allow":["GET"]}}],"collection":[{"href":"https:\/\/ssc1990.de\/index.php\/wp-json\/wp\/v2\/pages"}],"about":[{"href":"https:\/\/ssc1990.de\/index.php\/wp-json\/wp\/v2\/types\/page"}],"author":[{"embeddable":true,"href":"https:\/\/ssc1990.de\/index.php\/wp-json\/wp\/v2\/users\/1"}],"replies":[{"embeddable":true,"href":"https:\/\/ssc1990.de\/index.php\/wp-json\/wp\/v2\/comments?post=43"}],"version-history":[{"count":7,"href":"https:\/\/ssc1990.de\/index.php\/wp-json\/wp\/v2\/pages\/43\/revisions"}],"predecessor-version":[{"id":3096,"href":"https:\/\/ssc1990.de\/index.php\/wp-json\/wp\/v2\/pages\/43\/revisions\/3096"}],"wp:attachment":[{"href":"https:\/\/ssc1990.de\/index.php\/wp-json\/wp\/v2\/media?parent=43"}],"curies":[{"name":"wp","href":"https:\/\/api.w.org\/{rel}","templated":true}]}}