{"id":45,"date":"2023-03-18T17:40:38","date_gmt":"2023-03-18T16:40:38","guid":{"rendered":"https:\/\/ssc1990.de\/?page_id=45"},"modified":"2023-03-18T19:17:48","modified_gmt":"2023-03-18T18:17:48","slug":"schiesssport","status":"publish","type":"page","link":"https:\/\/ssc1990.de\/index.php\/schiesssport\/","title":{"rendered":"Schie\u00dfsport"},"content":{"rendered":"<p>[et_pb_section fb_built=&#8220;1&#8243; _builder_version=&#8220;4.20.2&#8243; _module_preset=&#8220;default&#8220; global_colors_info=&#8220;{}&#8220;][et_pb_row column_structure=&#8220;2_3,1_3&#8243; _builder_version=&#8220;4.20.2&#8243; _module_preset=&#8220;default&#8220; global_colors_info=&#8220;{}&#8220;][et_pb_column type=&#8220;2_3&#8243; _builder_version=&#8220;4.20.2&#8243; _module_preset=&#8220;default&#8220; global_colors_info=&#8220;{}&#8220;][et_pb_text _builder_version=&#8220;4.20.2&#8243; _module_preset=&#8220;default&#8220; max_width=&#8220;69%&#8220; hover_enabled=&#8220;0&#8243; global_colors_info=&#8220;{}&#8220; sticky_enabled=&#8220;0&#8243;]<\/p>\n<h1>Schie\u00dfsport<\/h1>\n<p>[\/et_pb_text][et_pb_text _builder_version=&#8220;4.20.2&#8243; _module_preset=&#8220;default&#8220; hover_enabled=&#8220;0&#8243; global_colors_info=&#8220;{}&#8220; sticky_enabled=&#8220;0&#8243;]<\/p>\n<p>Ziel des Sportschie\u00dfens ist es, mit einem Projektil die Mitte einer Schie\u00dfscheibe durch Einklang von K\u00f6rper (statischem Aufbau und K\u00f6rperbeherrschung) und Geist (innere Ruhe und Kontrolle von \u00e4u\u00dferen Einfl\u00fcssen), zu treffen. Erfolgreiches Sportschie\u00dfen braucht sowohl k\u00f6rperliches als auch mentales Training. Die Anforderungen an den Sportsch\u00fctzen werden oft untersch\u00e4tzt und das Sportschie\u00dfen daher von Vielen nicht als Sport wahrgenommen.<\/p>\n<p>Luftgewehr und Luftpistole sind olympische Disziplinen und dienen als Einstieg in den Schie\u00dfsport. Das Mindestalter f\u00fcr die Aus\u00fcbung dieser Disziplinen betr\u00e4gt 12 Jahre (mit Ausnahmegenehmigung 10 Jahre). Wer durchh\u00e4lt und Spa\u00df am Schie\u00dfen hat, kann ab einer durchschnittlichen Leistung von 320 Ringen (von 400 m\u00f6glichen Ringen) auch mit der Disziplin Kleinkaliber (KK) beginnen. F\u00fcr Jugendliche, die das 14. Lebensjahr vollendet haben und noch nicht 16 Jahre alt sind, ist die Disziplin Kleinkaliber unter Obhut verantwortlicher und zur Kinder- und Jugendarbeit f\u00fcr das Schie\u00dfen geeigneter Aufsichtspersonen (Inhaber einer Jugendbasislizenz\/Vereins\u00fcbungsleiter) erlaubt.<\/p>\n<p>Die Sportsch\u00fctzen, die es w\u00fcnschen, bekommen die Gelegenheit, ihr K\u00f6nnen auf Wettk\u00e4mpfen unter Beweis zu stellen. Nationale Wettk\u00e4mpfe sind z. B.: Kreis-, Bezirks-, Landes- und Deutsche Meisterschaften, Ligawettk\u00e4mpfe und Pokalschie\u00dfen.<\/p>\n<p>An Pokalschie\u00dfen und der Kreismeisterschaft k\u00f6nnen auch schon Neusch\u00fctzen teilnehmen und so erste Wettkampferfahrungen sammeln. Das jeweilige Ziel ist die Qualifikation zur n\u00e4chst h\u00f6heren Meisterschaft. Dabei steigen die erforderlichen Limitzahlen an. Wenn man es dann bis zur Landesmeisterschaft oder gar zur Deutschen Meisterschaft geschafft hat, wei\u00df man wof\u00fcr die regelm\u00e4\u00dfigen Trainingseinheiten gut waren.<\/p>\n<p>Ein erfolgreicher Sch\u00fctze bekommt eventuell die Chance in einem der verschiedenen Kader (Bezirkskader bis zum nationalen A-Kader) mitzuschie\u00dfen. Da die Teilnahme an Wettk\u00e4mpfen keine Pflicht ist, bietet das Schie\u00dftraining auch eine gute M\u00f6glichkeit vom Alltag zu entspannen und eine angenehme Zeit mit Gleichgesinnten zu verbringen.<\/p>\n<p>[\/et_pb_text][\/et_pb_column][et_pb_column type=&#8220;1_3&#8243; _builder_version=&#8220;4.20.2&#8243; _module_preset=&#8220;default&#8220; global_colors_info=&#8220;{}&#8220;][et_pb_sidebar _builder_version=&#8220;4.20.2&#8243; _module_preset=&#8220;default&#8220; width=&#8220;100%&#8220; max_width=&#8220;100%&#8220; module_alignment=&#8220;left&#8220; global_colors_info=&#8220;{}&#8220;][\/et_pb_sidebar][\/et_pb_column][\/et_pb_row][\/et_pb_section]<\/p>\n","protected":false},"excerpt":{"rendered":"<p>Schie\u00dfsportZiel des Sportschie\u00dfens ist es, mit einem Projektil die Mitte einer Schie\u00dfscheibe durch Einklang von K\u00f6rper (statischem Aufbau und K\u00f6rperbeherrschung) und Geist (innere Ruhe und Kontrolle von \u00e4u\u00dferen Einfl\u00fcssen), zu treffen. Erfolgreiches Sportschie\u00dfen braucht sowohl k\u00f6rperliches als auch mentales Training. Die Anforderungen an den Sportsch\u00fctzen werden oft untersch\u00e4tzt und das Sportschie\u00dfen daher von Vielen nicht [&hellip;]<\/p>\n","protected":false},"author":1,"featured_media":0,"parent":0,"menu_order":0,"comment_status":"closed","ping_status":"closed","template":"","meta":{"_et_pb_use_builder":"on","_et_pb_old_content":"","_et_gb_content_width":"","footnotes":""},"class_list":["post-45","page","type-page","status-publish","hentry"],"yoast_head":"<!-- This site is optimized with the Yoast SEO plugin v27.4 - https:\/\/yoast.com\/product\/yoast-seo-wordpress\/ -->\n<title>Schie\u00dfsport &#8211; SSC Oberhausen-Styrum 1990 e.V.<\/title>\n<meta name=\"robots\" content=\"index, follow, max-snippet:-1, max-image-preview:large, max-video-preview:-1\" \/>\n<link rel=\"canonical\" href=\"https:\/\/ssc1990.de\/index.php\/schiesssport\/\" \/>\n<meta property=\"og:locale\" content=\"de_DE\" \/>\n<meta property=\"og:type\" content=\"article\" \/>\n<meta property=\"og:title\" content=\"Schie\u00dfsport &#8211; SSC Oberhausen-Styrum 1990 e.V.\" \/>\n<meta property=\"og:description\" content=\"Schie\u00dfsportZiel des Sportschie\u00dfens ist es, mit einem Projektil die Mitte einer Schie\u00dfscheibe durch Einklang von K\u00f6rper (statischem Aufbau und K\u00f6rperbeherrschung) und Geist (innere Ruhe und Kontrolle von \u00e4u\u00dferen Einfl\u00fcssen), zu treffen. Erfolgreiches Sportschie\u00dfen braucht sowohl k\u00f6rperliches als auch mentales Training. Die Anforderungen an den Sportsch\u00fctzen werden oft untersch\u00e4tzt und das Sportschie\u00dfen daher von Vielen nicht [&hellip;]\" \/>\n<meta property=\"og:url\" content=\"https:\/\/ssc1990.de\/index.php\/schiesssport\/\" \/>\n<meta property=\"og:site_name\" content=\"SSC Oberhausen-Styrum 1990 e.V.\" \/>\n<meta property=\"article:modified_time\" content=\"2023-03-18T18:17:48+00:00\" \/>\n<meta name=\"twitter:card\" content=\"summary_large_image\" \/>\n<meta name=\"twitter:label1\" content=\"Gesch\u00e4tzte Lesezeit\" \/>\n\t<meta name=\"twitter:data1\" content=\"2\u00a0Minuten\" \/>\n<script type=\"application\/ld+json\" class=\"yoast-schema-graph\">{\"@context\":\"https:\\\/\\\/schema.org\",\"@graph\":[{\"@type\":\"WebPage\",\"@id\":\"https:\\\/\\\/ssc1990.de\\\/index.php\\\/schiesssport\\\/\",\"url\":\"https:\\\/\\\/ssc1990.de\\\/index.php\\\/schiesssport\\\/\",\"name\":\"Schie\u00dfsport &#8211; SSC Oberhausen-Styrum 1990 e.V.\",\"isPartOf\":{\"@id\":\"https:\\\/\\\/ssc1990.de\\\/#website\"},\"datePublished\":\"2023-03-18T16:40:38+00:00\",\"dateModified\":\"2023-03-18T18:17:48+00:00\",\"breadcrumb\":{\"@id\":\"https:\\\/\\\/ssc1990.de\\\/index.php\\\/schiesssport\\\/#breadcrumb\"},\"inLanguage\":\"de\",\"potentialAction\":[{\"@type\":\"ReadAction\",\"target\":[\"https:\\\/\\\/ssc1990.de\\\/index.php\\\/schiesssport\\\/\"]}]},{\"@type\":\"BreadcrumbList\",\"@id\":\"https:\\\/\\\/ssc1990.de\\\/index.php\\\/schiesssport\\\/#breadcrumb\",\"itemListElement\":[{\"@type\":\"ListItem\",\"position\":1,\"name\":\"Startseite\",\"item\":\"https:\\\/\\\/ssc1990.de\\\/\"},{\"@type\":\"ListItem\",\"position\":2,\"name\":\"Schie\u00dfsport\"}]},{\"@type\":\"WebSite\",\"@id\":\"https:\\\/\\\/ssc1990.de\\\/#website\",\"url\":\"https:\\\/\\\/ssc1990.de\\\/\",\"name\":\"SSC1990.de\",\"description\":\"Sportsch\u00fctzenclub Oberhausen-Styrum 1990 e.V.\",\"publisher\":{\"@id\":\"https:\\\/\\\/ssc1990.de\\\/#organization\"},\"potentialAction\":[{\"@type\":\"SearchAction\",\"target\":{\"@type\":\"EntryPoint\",\"urlTemplate\":\"https:\\\/\\\/ssc1990.de\\\/?s={search_term_string}\"},\"query-input\":{\"@type\":\"PropertyValueSpecification\",\"valueRequired\":true,\"valueName\":\"search_term_string\"}}],\"inLanguage\":\"de\"},{\"@type\":\"Organization\",\"@id\":\"https:\\\/\\\/ssc1990.de\\\/#organization\",\"name\":\"SSC1990.de\",\"url\":\"https:\\\/\\\/ssc1990.de\\\/\",\"logo\":{\"@type\":\"ImageObject\",\"inLanguage\":\"de\",\"@id\":\"https:\\\/\\\/ssc1990.de\\\/#\\\/schema\\\/logo\\\/image\\\/\",\"url\":\"https:\\\/\\\/ssc1990.de\\\/wp-content\\\/uploads\\\/2023\\\/03\\\/logo.jpg\",\"contentUrl\":\"https:\\\/\\\/ssc1990.de\\\/wp-content\\\/uploads\\\/2023\\\/03\\\/logo.jpg\",\"width\":1000,\"height\":594,\"caption\":\"SSC1990.de\"},\"image\":{\"@id\":\"https:\\\/\\\/ssc1990.de\\\/#\\\/schema\\\/logo\\\/image\\\/\"}}]}<\/script>\n<!-- \/ Yoast SEO plugin. -->","yoast_head_json":{"title":"Schie\u00dfsport &#8211; SSC Oberhausen-Styrum 1990 e.V.","robots":{"index":"index","follow":"follow","max-snippet":"max-snippet:-1","max-image-preview":"max-image-preview:large","max-video-preview":"max-video-preview:-1"},"canonical":"https:\/\/ssc1990.de\/index.php\/schiesssport\/","og_locale":"de_DE","og_type":"article","og_title":"Schie\u00dfsport &#8211; SSC Oberhausen-Styrum 1990 e.V.","og_description":"Schie\u00dfsportZiel des Sportschie\u00dfens ist es, mit einem Projektil die Mitte einer Schie\u00dfscheibe durch Einklang von K\u00f6rper (statischem Aufbau und K\u00f6rperbeherrschung) und Geist (innere Ruhe und Kontrolle von \u00e4u\u00dferen Einfl\u00fcssen), zu treffen. Erfolgreiches Sportschie\u00dfen braucht sowohl k\u00f6rperliches als auch mentales Training. Die Anforderungen an den Sportsch\u00fctzen werden oft untersch\u00e4tzt und das Sportschie\u00dfen daher von Vielen nicht [&hellip;]","og_url":"https:\/\/ssc1990.de\/index.php\/schiesssport\/","og_site_name":"SSC Oberhausen-Styrum 1990 e.V.","article_modified_time":"2023-03-18T18:17:48+00:00","twitter_card":"summary_large_image","twitter_misc":{"Gesch\u00e4tzte Lesezeit":"2\u00a0Minuten"},"schema":{"@context":"https:\/\/schema.org","@graph":[{"@type":"WebPage","@id":"https:\/\/ssc1990.de\/index.php\/schiesssport\/","url":"https:\/\/ssc1990.de\/index.php\/schiesssport\/","name":"Schie\u00dfsport &#8211; SSC Oberhausen-Styrum 1990 e.V.","isPartOf":{"@id":"https:\/\/ssc1990.de\/#website"},"datePublished":"2023-03-18T16:40:38+00:00","dateModified":"2023-03-18T18:17:48+00:00","breadcrumb":{"@id":"https:\/\/ssc1990.de\/index.php\/schiesssport\/#breadcrumb"},"inLanguage":"de","potentialAction":[{"@type":"ReadAction","target":["https:\/\/ssc1990.de\/index.php\/schiesssport\/"]}]},{"@type":"BreadcrumbList","@id":"https:\/\/ssc1990.de\/index.php\/schiesssport\/#breadcrumb","itemListElement":[{"@type":"ListItem","position":1,"name":"Startseite","item":"https:\/\/ssc1990.de\/"},{"@type":"ListItem","position":2,"name":"Schie\u00dfsport"}]},{"@type":"WebSite","@id":"https:\/\/ssc1990.de\/#website","url":"https:\/\/ssc1990.de\/","name":"SSC1990.de","description":"Sportsch\u00fctzenclub Oberhausen-Styrum 1990 e.V.","publisher":{"@id":"https:\/\/ssc1990.de\/#organization"},"potentialAction":[{"@type":"SearchAction","target":{"@type":"EntryPoint","urlTemplate":"https:\/\/ssc1990.de\/?s={search_term_string}"},"query-input":{"@type":"PropertyValueSpecification","valueRequired":true,"valueName":"search_term_string"}}],"inLanguage":"de"},{"@type":"Organization","@id":"https:\/\/ssc1990.de\/#organization","name":"SSC1990.de","url":"https:\/\/ssc1990.de\/","logo":{"@type":"ImageObject","inLanguage":"de","@id":"https:\/\/ssc1990.de\/#\/schema\/logo\/image\/","url":"https:\/\/ssc1990.de\/wp-content\/uploads\/2023\/03\/logo.jpg","contentUrl":"https:\/\/ssc1990.de\/wp-content\/uploads\/2023\/03\/logo.jpg","width":1000,"height":594,"caption":"SSC1990.de"},"image":{"@id":"https:\/\/ssc1990.de\/#\/schema\/logo\/image\/"}}]}},"_links":{"self":[{"href":"https:\/\/ssc1990.de\/index.php\/wp-json\/wp\/v2\/pages\/45","targetHints":{"allow":["GET"]}}],"collection":[{"href":"https:\/\/ssc1990.de\/index.php\/wp-json\/wp\/v2\/pages"}],"about":[{"href":"https:\/\/ssc1990.de\/index.php\/wp-json\/wp\/v2\/types\/page"}],"author":[{"embeddable":true,"href":"https:\/\/ssc1990.de\/index.php\/wp-json\/wp\/v2\/users\/1"}],"replies":[{"embeddable":true,"href":"https:\/\/ssc1990.de\/index.php\/wp-json\/wp\/v2\/comments?post=45"}],"version-history":[{"count":2,"href":"https:\/\/ssc1990.de\/index.php\/wp-json\/wp\/v2\/pages\/45\/revisions"}],"predecessor-version":[{"id":144,"href":"https:\/\/ssc1990.de\/index.php\/wp-json\/wp\/v2\/pages\/45\/revisions\/144"}],"wp:attachment":[{"href":"https:\/\/ssc1990.de\/index.php\/wp-json\/wp\/v2\/media?parent=45"}],"curies":[{"name":"wp","href":"https:\/\/api.w.org\/{rel}","templated":true}]}}