{"id":8,"date":"2023-03-18T10:23:44","date_gmt":"2023-03-18T09:23:44","guid":{"rendered":"https:\/\/ssc1990.de\/?page_id=8"},"modified":"2023-03-18T19:32:30","modified_gmt":"2023-03-18T18:32:30","slug":"home","status":"publish","type":"page","link":"https:\/\/ssc1990.de\/index.php\/home\/","title":{"rendered":"Disziplinen"},"content":{"rendered":"<p>[et_pb_section fb_built=&#8220;1&#8243; _builder_version=&#8220;4.20.2&#8243; _module_preset=&#8220;default&#8220; global_colors_info=&#8220;{}&#8220;][et_pb_row column_structure=&#8220;2_3,1_3&#8243; _builder_version=&#8220;4.20.2&#8243; _module_preset=&#8220;default&#8220; global_colors_info=&#8220;{}&#8220;][et_pb_column type=&#8220;2_3&#8243; _builder_version=&#8220;4.20.2&#8243; _module_preset=&#8220;default&#8220; global_colors_info=&#8220;{}&#8220;][et_pb_text _builder_version=&#8220;4.20.2&#8243; _module_preset=&#8220;default&#8220; max_width=&#8220;69%&#8220; global_colors_info=&#8220;{}&#8220;]<\/p>\n<h1>Disziplinen<\/h1>\n<p>&nbsp;<\/p>\n<p>[\/et_pb_text][et_pb_text _builder_version=&#8220;4.20.2&#8243; _module_preset=&#8220;default&#8220; hover_enabled=&#8220;0&#8243; global_colors_info=&#8220;{}&#8220; sticky_enabled=&#8220;0&#8243;]Alle Disziplinen im \u00dcberblick, die in unserem Verein nach den Regeln des Deutschen Sch\u00fctzenbundes geschossen werden k\u00f6nnen.<\/p>\n<table style=\"border-collapse: collapse;\" border=\"0\" width=\"36%\" cellspacing=\"0\" cellpadding=\"0\">\n<tbody>\n<tr>\n<td width=\"23%\">Luftpistole<\/td>\n<td width=\"7%\"><\/td>\n<td width=\"147%\">\u00a0<img loading=\"lazy\" decoding=\"async\" class=\"alignnone wp-image-797 size-medium\" src=\"http:\/\/ssc1990.de\/wp-content\/uploads\/2023\/03\/WLP400a-632x373.jpg\" alt=\"Luftpistole\" width=\"189\" height=\"100\" \/><\/td>\n<\/tr>\n<tr>\n<td width=\"23%\">Sportpistole<\/td>\n<td width=\"7%\"><\/td>\n<td width=\"147%\">\u00a0<img loading=\"lazy\" decoding=\"async\" class=\"alignnone wp-image-101\" src=\"http:\/\/ssc1990.de\/wp-content\/uploads\/2023\/03\/Sportpistole-300x147.gif\" alt=\"Sportpistole\" width=\"169\" height=\"83\" \/><\/td>\n<\/tr>\n<tr>\n<td width=\"23%\"><span style=\"color: #212121;\">Zentralfeuerpistole<\/span><\/td>\n<td width=\"7%\"><\/td>\n<td width=\"147%\"><img loading=\"lazy\" decoding=\"async\" class=\"alignnone wp-image-102 \" src=\"http:\/\/ssc1990.de\/wp-content\/uploads\/2023\/03\/Zentralfeuerpistole-300x156.gif\" alt=\"Zentralfeuerpistole\" width=\"175\" height=\"91\" \/><\/td>\n<\/tr>\n<tr>\n<td width=\"23%\"><span style=\"color: #212121;\">Luftgewehr<\/span><\/td>\n<td width=\"7%\"><\/td>\n<td width=\"147%\"><img loading=\"lazy\" decoding=\"async\" class=\"alignnone wp-image-99 size-full\" src=\"http:\/\/ssc1990.de\/wp-content\/uploads\/2023\/03\/Luftgewehr.gif\" alt=\"Luftgewehr\" width=\"253\" height=\"72\" \/><\/td>\n<\/tr>\n<tr>\n<td width=\"23%\"><span style=\"color: #212121;\">Kleinkalibergewehr<\/span><\/td>\n<td width=\"7%\"><\/td>\n<td width=\"147%\"><img loading=\"lazy\" decoding=\"async\" class=\"alignnone wp-image-98 size-medium\" src=\"http:\/\/ssc1990.de\/wp-content\/uploads\/2023\/03\/Kleinkalibergewehr-300x68.gif\" alt=\"Kleinkalibergewehr\" width=\"300\" height=\"68\" \/><\/td>\n<\/tr>\n<tr>\n<td width=\"23%\"><span style=\"color: #212121;\">Zimmerstutzen<\/span><\/td>\n<td width=\"7%\"><\/td>\n<td width=\"147%\"><img loading=\"lazy\" decoding=\"async\" class=\"alignnone wp-image-103 size-medium\" src=\"http:\/\/ssc1990.de\/wp-content\/uploads\/2023\/03\/Zimmerstutzen-300x82.gif\" alt=\"Zimmerstutzen\" width=\"300\" height=\"82\" \/><\/td>\n<\/tr>\n<\/tbody>\n<\/table>\n<p>&nbsp;<\/p>\n<p><!--F\u00fcr weitere Informationen klicken Sie <a href=\"http:\/\/www.rheinischer-schuetzenbund.de\/fileadmin\/media\/sport\/ausschreibungen\/2018\/lvm\/2018_lvm_anlage1.pdf\" target=\"_blank\" rel=\"noopener noreferrer\">hier<\/a>. -->[\/et_pb_text][\/et_pb_column][et_pb_column type=&#8220;1_3&#8243; _builder_version=&#8220;4.20.2&#8243; _module_preset=&#8220;default&#8220; global_colors_info=&#8220;{}&#8220;][et_pb_sidebar _builder_version=&#8220;4.20.2&#8243; _module_preset=&#8220;default&#8220; width=&#8220;100%&#8220; max_width=&#8220;100%&#8220; module_alignment=&#8220;left&#8220; global_colors_info=&#8220;{}&#8220;][\/et_pb_sidebar][\/et_pb_column][\/et_pb_row][\/et_pb_section]<\/p>\n","protected":false},"excerpt":{"rendered":"<p>Disziplinen &nbsp;Alle Disziplinen im \u00dcberblick, die in unserem Verein nach den Regeln des Deutschen Sch\u00fctzenbundes geschossen werden k\u00f6nnen. Luftpistole \u00a0 Sportpistole \u00a0 Zentralfeuerpistole Luftgewehr Kleinkalibergewehr Zimmerstutzen &nbsp;<\/p>\n","protected":false},"author":1,"featured_media":0,"parent":0,"menu_order":0,"comment_status":"closed","ping_status":"closed","template":"","meta":{"_et_pb_use_builder":"on","_et_pb_old_content":"","_et_gb_content_width":"","footnotes":""},"class_list":["post-8","page","type-page","status-publish","hentry"],"yoast_head":"<!-- This site is optimized with the Yoast SEO plugin v27.5 - https:\/\/yoast.com\/product\/yoast-seo-wordpress\/ -->\n<title>Disziplinen &#8211; SSC Oberhausen-Styrum 1990 e.V.<\/title>\n<meta name=\"robots\" content=\"index, follow, max-snippet:-1, max-image-preview:large, max-video-preview:-1\" \/>\n<link rel=\"canonical\" href=\"https:\/\/ssc1990.de\/index.php\/home\/\" \/>\n<meta property=\"og:locale\" content=\"de_DE\" \/>\n<meta property=\"og:type\" content=\"article\" \/>\n<meta property=\"og:title\" content=\"Disziplinen &#8211; SSC Oberhausen-Styrum 1990 e.V.\" \/>\n<meta property=\"og:description\" content=\"Disziplinen &nbsp;Alle Disziplinen im \u00dcberblick, die in unserem Verein nach den Regeln des Deutschen Sch\u00fctzenbundes geschossen werden k\u00f6nnen. Luftpistole \u00a0 Sportpistole \u00a0 Zentralfeuerpistole Luftgewehr Kleinkalibergewehr Zimmerstutzen &nbsp;\" \/>\n<meta property=\"og:url\" content=\"https:\/\/ssc1990.de\/index.php\/home\/\" \/>\n<meta property=\"og:site_name\" content=\"SSC Oberhausen-Styrum 1990 e.V.\" \/>\n<meta property=\"article:modified_time\" content=\"2023-03-18T18:32:30+00:00\" \/>\n<meta property=\"og:image\" content=\"http:\/\/ssc1990.de\/wp-content\/uploads\/2023\/03\/WLP400a-632x373.jpg\" \/>\n<meta name=\"twitter:card\" content=\"summary_large_image\" \/>\n<meta name=\"twitter:label1\" content=\"Gesch\u00e4tzte Lesezeit\" \/>\n\t<meta name=\"twitter:data1\" content=\"2\u00a0Minuten\" \/>\n<script type=\"application\/ld+json\" class=\"yoast-schema-graph\">{\"@context\":\"https:\\\/\\\/schema.org\",\"@graph\":[{\"@type\":\"WebPage\",\"@id\":\"https:\\\/\\\/ssc1990.de\\\/index.php\\\/home\\\/\",\"url\":\"https:\\\/\\\/ssc1990.de\\\/index.php\\\/home\\\/\",\"name\":\"Disziplinen &#8211; SSC Oberhausen-Styrum 1990 e.V.\",\"isPartOf\":{\"@id\":\"https:\\\/\\\/ssc1990.de\\\/#website\"},\"primaryImageOfPage\":{\"@id\":\"https:\\\/\\\/ssc1990.de\\\/index.php\\\/home\\\/#primaryimage\"},\"image\":{\"@id\":\"https:\\\/\\\/ssc1990.de\\\/index.php\\\/home\\\/#primaryimage\"},\"thumbnailUrl\":\"http:\\\/\\\/ssc1990.de\\\/wp-content\\\/uploads\\\/2023\\\/03\\\/WLP400a-632x373.jpg\",\"datePublished\":\"2023-03-18T09:23:44+00:00\",\"dateModified\":\"2023-03-18T18:32:30+00:00\",\"breadcrumb\":{\"@id\":\"https:\\\/\\\/ssc1990.de\\\/index.php\\\/home\\\/#breadcrumb\"},\"inLanguage\":\"de\",\"potentialAction\":[{\"@type\":\"ReadAction\",\"target\":[\"https:\\\/\\\/ssc1990.de\\\/index.php\\\/home\\\/\"]}]},{\"@type\":\"ImageObject\",\"inLanguage\":\"de\",\"@id\":\"https:\\\/\\\/ssc1990.de\\\/index.php\\\/home\\\/#primaryimage\",\"url\":\"http:\\\/\\\/ssc1990.de\\\/wp-content\\\/uploads\\\/2023\\\/03\\\/WLP400a-632x373.jpg\",\"contentUrl\":\"http:\\\/\\\/ssc1990.de\\\/wp-content\\\/uploads\\\/2023\\\/03\\\/WLP400a-632x373.jpg\"},{\"@type\":\"BreadcrumbList\",\"@id\":\"https:\\\/\\\/ssc1990.de\\\/index.php\\\/home\\\/#breadcrumb\",\"itemListElement\":[{\"@type\":\"ListItem\",\"position\":1,\"name\":\"Startseite\",\"item\":\"https:\\\/\\\/ssc1990.de\\\/\"},{\"@type\":\"ListItem\",\"position\":2,\"name\":\"Disziplinen\"}]},{\"@type\":\"WebSite\",\"@id\":\"https:\\\/\\\/ssc1990.de\\\/#website\",\"url\":\"https:\\\/\\\/ssc1990.de\\\/\",\"name\":\"SSC1990.de\",\"description\":\"Sportsch\u00fctzenclub Oberhausen-Styrum 1990 e.V.\",\"publisher\":{\"@id\":\"https:\\\/\\\/ssc1990.de\\\/#organization\"},\"potentialAction\":[{\"@type\":\"SearchAction\",\"target\":{\"@type\":\"EntryPoint\",\"urlTemplate\":\"https:\\\/\\\/ssc1990.de\\\/?s={search_term_string}\"},\"query-input\":{\"@type\":\"PropertyValueSpecification\",\"valueRequired\":true,\"valueName\":\"search_term_string\"}}],\"inLanguage\":\"de\"},{\"@type\":\"Organization\",\"@id\":\"https:\\\/\\\/ssc1990.de\\\/#organization\",\"name\":\"SSC1990.de\",\"url\":\"https:\\\/\\\/ssc1990.de\\\/\",\"logo\":{\"@type\":\"ImageObject\",\"inLanguage\":\"de\",\"@id\":\"https:\\\/\\\/ssc1990.de\\\/#\\\/schema\\\/logo\\\/image\\\/\",\"url\":\"https:\\\/\\\/ssc1990.de\\\/wp-content\\\/uploads\\\/2023\\\/03\\\/logo.jpg\",\"contentUrl\":\"https:\\\/\\\/ssc1990.de\\\/wp-content\\\/uploads\\\/2023\\\/03\\\/logo.jpg\",\"width\":1000,\"height\":594,\"caption\":\"SSC1990.de\"},\"image\":{\"@id\":\"https:\\\/\\\/ssc1990.de\\\/#\\\/schema\\\/logo\\\/image\\\/\"}}]}<\/script>\n<!-- \/ Yoast SEO plugin. -->","yoast_head_json":{"title":"Disziplinen &#8211; SSC Oberhausen-Styrum 1990 e.V.","robots":{"index":"index","follow":"follow","max-snippet":"max-snippet:-1","max-image-preview":"max-image-preview:large","max-video-preview":"max-video-preview:-1"},"canonical":"https:\/\/ssc1990.de\/index.php\/home\/","og_locale":"de_DE","og_type":"article","og_title":"Disziplinen &#8211; SSC Oberhausen-Styrum 1990 e.V.","og_description":"Disziplinen &nbsp;Alle Disziplinen im \u00dcberblick, die in unserem Verein nach den Regeln des Deutschen Sch\u00fctzenbundes geschossen werden k\u00f6nnen. Luftpistole \u00a0 Sportpistole \u00a0 Zentralfeuerpistole Luftgewehr Kleinkalibergewehr Zimmerstutzen &nbsp;","og_url":"https:\/\/ssc1990.de\/index.php\/home\/","og_site_name":"SSC Oberhausen-Styrum 1990 e.V.","article_modified_time":"2023-03-18T18:32:30+00:00","og_image":[{"url":"http:\/\/ssc1990.de\/wp-content\/uploads\/2023\/03\/WLP400a-632x373.jpg","type":"","width":"","height":""}],"twitter_card":"summary_large_image","twitter_misc":{"Gesch\u00e4tzte Lesezeit":"2\u00a0Minuten"},"schema":{"@context":"https:\/\/schema.org","@graph":[{"@type":"WebPage","@id":"https:\/\/ssc1990.de\/index.php\/home\/","url":"https:\/\/ssc1990.de\/index.php\/home\/","name":"Disziplinen &#8211; SSC Oberhausen-Styrum 1990 e.V.","isPartOf":{"@id":"https:\/\/ssc1990.de\/#website"},"primaryImageOfPage":{"@id":"https:\/\/ssc1990.de\/index.php\/home\/#primaryimage"},"image":{"@id":"https:\/\/ssc1990.de\/index.php\/home\/#primaryimage"},"thumbnailUrl":"http:\/\/ssc1990.de\/wp-content\/uploads\/2023\/03\/WLP400a-632x373.jpg","datePublished":"2023-03-18T09:23:44+00:00","dateModified":"2023-03-18T18:32:30+00:00","breadcrumb":{"@id":"https:\/\/ssc1990.de\/index.php\/home\/#breadcrumb"},"inLanguage":"de","potentialAction":[{"@type":"ReadAction","target":["https:\/\/ssc1990.de\/index.php\/home\/"]}]},{"@type":"ImageObject","inLanguage":"de","@id":"https:\/\/ssc1990.de\/index.php\/home\/#primaryimage","url":"http:\/\/ssc1990.de\/wp-content\/uploads\/2023\/03\/WLP400a-632x373.jpg","contentUrl":"http:\/\/ssc1990.de\/wp-content\/uploads\/2023\/03\/WLP400a-632x373.jpg"},{"@type":"BreadcrumbList","@id":"https:\/\/ssc1990.de\/index.php\/home\/#breadcrumb","itemListElement":[{"@type":"ListItem","position":1,"name":"Startseite","item":"https:\/\/ssc1990.de\/"},{"@type":"ListItem","position":2,"name":"Disziplinen"}]},{"@type":"WebSite","@id":"https:\/\/ssc1990.de\/#website","url":"https:\/\/ssc1990.de\/","name":"SSC1990.de","description":"Sportsch\u00fctzenclub Oberhausen-Styrum 1990 e.V.","publisher":{"@id":"https:\/\/ssc1990.de\/#organization"},"potentialAction":[{"@type":"SearchAction","target":{"@type":"EntryPoint","urlTemplate":"https:\/\/ssc1990.de\/?s={search_term_string}"},"query-input":{"@type":"PropertyValueSpecification","valueRequired":true,"valueName":"search_term_string"}}],"inLanguage":"de"},{"@type":"Organization","@id":"https:\/\/ssc1990.de\/#organization","name":"SSC1990.de","url":"https:\/\/ssc1990.de\/","logo":{"@type":"ImageObject","inLanguage":"de","@id":"https:\/\/ssc1990.de\/#\/schema\/logo\/image\/","url":"https:\/\/ssc1990.de\/wp-content\/uploads\/2023\/03\/logo.jpg","contentUrl":"https:\/\/ssc1990.de\/wp-content\/uploads\/2023\/03\/logo.jpg","width":1000,"height":594,"caption":"SSC1990.de"},"image":{"@id":"https:\/\/ssc1990.de\/#\/schema\/logo\/image\/"}}]}},"_links":{"self":[{"href":"https:\/\/ssc1990.de\/index.php\/wp-json\/wp\/v2\/pages\/8","targetHints":{"allow":["GET"]}}],"collection":[{"href":"https:\/\/ssc1990.de\/index.php\/wp-json\/wp\/v2\/pages"}],"about":[{"href":"https:\/\/ssc1990.de\/index.php\/wp-json\/wp\/v2\/types\/page"}],"author":[{"embeddable":true,"href":"https:\/\/ssc1990.de\/index.php\/wp-json\/wp\/v2\/users\/1"}],"replies":[{"embeddable":true,"href":"https:\/\/ssc1990.de\/index.php\/wp-json\/wp\/v2\/comments?post=8"}],"version-history":[{"count":12,"href":"https:\/\/ssc1990.de\/index.php\/wp-json\/wp\/v2\/pages\/8\/revisions"}],"predecessor-version":[{"id":151,"href":"https:\/\/ssc1990.de\/index.php\/wp-json\/wp\/v2\/pages\/8\/revisions\/151"}],"wp:attachment":[{"href":"https:\/\/ssc1990.de\/index.php\/wp-json\/wp\/v2\/media?parent=8"}],"curies":[{"name":"wp","href":"https:\/\/api.w.org\/{rel}","templated":true}]}}