{"id":90,"date":"2023-03-18T17:51:05","date_gmt":"2023-03-18T16:51:05","guid":{"rendered":"https:\/\/ssc1990.de\/?page_id=90"},"modified":"2024-05-07T21:55:59","modified_gmt":"2024-05-07T19:55:59","slug":"verantwortliche","status":"publish","type":"page","link":"https:\/\/ssc1990.de\/index.php\/verantwortliche\/","title":{"rendered":"Verantwortliche"},"content":{"rendered":"<p>[et_pb_section fb_built=&#8220;1&#8243; _builder_version=&#8220;4.20.2&#8243; _module_preset=&#8220;default&#8220; global_colors_info=&#8220;{}&#8220;][et_pb_row column_structure=&#8220;2_3,1_3&#8243; _builder_version=&#8220;4.20.2&#8243; _module_preset=&#8220;default&#8220; global_colors_info=&#8220;{}&#8220;][et_pb_column type=&#8220;2_3&#8243; _builder_version=&#8220;4.20.2&#8243; _module_preset=&#8220;default&#8220; global_colors_info=&#8220;{}&#8220;][et_pb_text _builder_version=&#8220;4.20.2&#8243; _module_preset=&#8220;default&#8220; max_width=&#8220;69%&#8220; global_colors_info=&#8220;{}&#8220;]<\/p>\n<h1>Verantwortliche<\/h1>\n<p>&nbsp;<\/p>\n<p>[\/et_pb_text][et_pb_text _builder_version=&#8220;4.20.2&#8243; _module_preset=&#8220;default&#8220; hover_enabled=&#8220;0&#8243; global_colors_info=&#8220;{}&#8220; sticky_enabled=&#8220;0&#8243;]<\/p>\n<p>Sportsch\u00fctzen Club Oberhausen-Styrum 1990 e.V.<br \/>Gesch\u00e4ftsf\u00fchrer<br \/>Michael Mayer<br \/>Telefon: 0163-2593087<br \/>Email: <span style=\"text-decoration: underline;\"><a href=\"mailto:michael.mayer@ssc1990.de\">Gesch\u00e4ftsf\u00fchrer<\/a><\/span><\/p>\n<p>Ab 01.07.2019 ist der SSC unter der Mobilrufnummer zu erreichen: 0157 3570 0690<\/p>\n<p>1. Vorsitzende<br \/>Waltraud Gamrad<br \/>Volmestr. 2<br \/>46049 Oberhausen<br \/>Telefon: 0171-8322124<br \/>Email: <span style=\"text-decoration: underline;\"><a href=\"mailto:waltraud.gamrad@ssc1990.de\">Vorsitzende<\/a><\/span><\/p>\n<p>Sportwart<br \/>Karl-Heinz Witzke<br \/>Alstadener Str.121<br \/>46049 Oberhausen<br \/>Tel.: 0177 \/ 1910192<br \/>Email: <span style=\"text-decoration: underline;\"><a href=\"mailto:sportleiter@ssc1990.de\">Sportleiter<\/a><\/span><\/p>\n<p>Jugendwart<br \/>Waltraud Gamrad<br \/>Telefon: 0171-8322124<br \/>Email: <span style=\"text-decoration: underline;\"><a href=\"mailto:Waltraud.Gamrad@ssc1990.de\">Jugendwart<\/a><\/span><\/p>\n<p>Webmaster<br \/>Sportsch\u00fctzen Club Oberhausen-Styrum 1990 e.V.<br \/>Email: <span style=\"text-decoration: underline;\"><a href=\"mailto:webmaster@ssc1990.de\">Webmaster<\/a><\/span><\/p>\n<p>[\/et_pb_text][\/et_pb_column][et_pb_column type=&#8220;1_3&#8243; _builder_version=&#8220;4.20.2&#8243; _module_preset=&#8220;default&#8220; global_colors_info=&#8220;{}&#8220;][et_pb_sidebar _builder_version=&#8220;4.20.2&#8243; _module_preset=&#8220;default&#8220; width=&#8220;100%&#8220; max_width=&#8220;100%&#8220; module_alignment=&#8220;left&#8220; global_colors_info=&#8220;{}&#8220;][\/et_pb_sidebar][\/et_pb_column][\/et_pb_row][\/et_pb_section]<\/p>\n","protected":false},"excerpt":{"rendered":"<p>Verantwortliche &nbsp;Sportsch\u00fctzen Club Oberhausen-Styrum 1990 e.V.Gesch\u00e4ftsf\u00fchrerMichael MayerTelefon: 0163-2593087Email: Gesch\u00e4ftsf\u00fchrer Ab 01.07.2019 ist der SSC unter der Mobilrufnummer zu erreichen: 0157 3570 0690 1. VorsitzendeWaltraud GamradVolmestr. 246049 OberhausenTelefon: 0171-8322124Email: Vorsitzende SportwartKarl-Heinz WitzkeAlstadener Str.12146049 OberhausenTel.: 0177 \/ 1910192Email: Sportleiter JugendwartWaltraud GamradTelefon: 0171-8322124Email: Jugendwart WebmasterSportsch\u00fctzen Club Oberhausen-Styrum 1990 e.V.Email: Webmaster<\/p>\n","protected":false},"author":1,"featured_media":0,"parent":0,"menu_order":0,"comment_status":"closed","ping_status":"closed","template":"","meta":{"_et_pb_use_builder":"on","_et_pb_old_content":"","_et_gb_content_width":"","footnotes":""},"class_list":["post-90","page","type-page","status-publish","hentry"],"yoast_head":"<!-- This site is optimized with the Yoast SEO plugin v27.4 - https:\/\/yoast.com\/product\/yoast-seo-wordpress\/ -->\n<title>Verantwortliche &#8211; SSC Oberhausen-Styrum 1990 e.V.<\/title>\n<meta name=\"robots\" content=\"index, follow, max-snippet:-1, max-image-preview:large, max-video-preview:-1\" \/>\n<link rel=\"canonical\" href=\"https:\/\/ssc1990.de\/index.php\/verantwortliche\/\" \/>\n<meta property=\"og:locale\" content=\"de_DE\" \/>\n<meta property=\"og:type\" content=\"article\" \/>\n<meta property=\"og:title\" content=\"Verantwortliche &#8211; SSC Oberhausen-Styrum 1990 e.V.\" \/>\n<meta property=\"og:description\" content=\"Verantwortliche &nbsp;Sportsch\u00fctzen Club Oberhausen-Styrum 1990 e.V.Gesch\u00e4ftsf\u00fchrerMichael MayerTelefon: 0163-2593087Email: Gesch\u00e4ftsf\u00fchrer Ab 01.07.2019 ist der SSC unter der Mobilrufnummer zu erreichen: 0157 3570 0690 1. VorsitzendeWaltraud GamradVolmestr. 246049 OberhausenTelefon: 0171-8322124Email: Vorsitzende SportwartKarl-Heinz WitzkeAlstadener Str.12146049 OberhausenTel.: 0177 \/ 1910192Email: Sportleiter JugendwartWaltraud GamradTelefon: 0171-8322124Email: Jugendwart WebmasterSportsch\u00fctzen Club Oberhausen-Styrum 1990 e.V.Email: Webmaster\" \/>\n<meta property=\"og:url\" content=\"https:\/\/ssc1990.de\/index.php\/verantwortliche\/\" \/>\n<meta property=\"og:site_name\" content=\"SSC Oberhausen-Styrum 1990 e.V.\" \/>\n<meta property=\"article:modified_time\" content=\"2024-05-07T19:55:59+00:00\" \/>\n<meta name=\"twitter:card\" content=\"summary_large_image\" \/>\n<meta name=\"twitter:label1\" content=\"Gesch\u00e4tzte Lesezeit\" \/>\n\t<meta name=\"twitter:data1\" content=\"2\u00a0Minuten\" \/>\n<script type=\"application\/ld+json\" class=\"yoast-schema-graph\">{\"@context\":\"https:\\\/\\\/schema.org\",\"@graph\":[{\"@type\":\"WebPage\",\"@id\":\"https:\\\/\\\/ssc1990.de\\\/index.php\\\/verantwortliche\\\/\",\"url\":\"https:\\\/\\\/ssc1990.de\\\/index.php\\\/verantwortliche\\\/\",\"name\":\"Verantwortliche &#8211; SSC Oberhausen-Styrum 1990 e.V.\",\"isPartOf\":{\"@id\":\"https:\\\/\\\/ssc1990.de\\\/#website\"},\"datePublished\":\"2023-03-18T16:51:05+00:00\",\"dateModified\":\"2024-05-07T19:55:59+00:00\",\"breadcrumb\":{\"@id\":\"https:\\\/\\\/ssc1990.de\\\/index.php\\\/verantwortliche\\\/#breadcrumb\"},\"inLanguage\":\"de\",\"potentialAction\":[{\"@type\":\"ReadAction\",\"target\":[\"https:\\\/\\\/ssc1990.de\\\/index.php\\\/verantwortliche\\\/\"]}]},{\"@type\":\"BreadcrumbList\",\"@id\":\"https:\\\/\\\/ssc1990.de\\\/index.php\\\/verantwortliche\\\/#breadcrumb\",\"itemListElement\":[{\"@type\":\"ListItem\",\"position\":1,\"name\":\"Startseite\",\"item\":\"https:\\\/\\\/ssc1990.de\\\/\"},{\"@type\":\"ListItem\",\"position\":2,\"name\":\"Verantwortliche\"}]},{\"@type\":\"WebSite\",\"@id\":\"https:\\\/\\\/ssc1990.de\\\/#website\",\"url\":\"https:\\\/\\\/ssc1990.de\\\/\",\"name\":\"SSC1990.de\",\"description\":\"Sportsch\u00fctzenclub Oberhausen-Styrum 1990 e.V.\",\"publisher\":{\"@id\":\"https:\\\/\\\/ssc1990.de\\\/#organization\"},\"potentialAction\":[{\"@type\":\"SearchAction\",\"target\":{\"@type\":\"EntryPoint\",\"urlTemplate\":\"https:\\\/\\\/ssc1990.de\\\/?s={search_term_string}\"},\"query-input\":{\"@type\":\"PropertyValueSpecification\",\"valueRequired\":true,\"valueName\":\"search_term_string\"}}],\"inLanguage\":\"de\"},{\"@type\":\"Organization\",\"@id\":\"https:\\\/\\\/ssc1990.de\\\/#organization\",\"name\":\"SSC1990.de\",\"url\":\"https:\\\/\\\/ssc1990.de\\\/\",\"logo\":{\"@type\":\"ImageObject\",\"inLanguage\":\"de\",\"@id\":\"https:\\\/\\\/ssc1990.de\\\/#\\\/schema\\\/logo\\\/image\\\/\",\"url\":\"https:\\\/\\\/ssc1990.de\\\/wp-content\\\/uploads\\\/2023\\\/03\\\/logo.jpg\",\"contentUrl\":\"https:\\\/\\\/ssc1990.de\\\/wp-content\\\/uploads\\\/2023\\\/03\\\/logo.jpg\",\"width\":1000,\"height\":594,\"caption\":\"SSC1990.de\"},\"image\":{\"@id\":\"https:\\\/\\\/ssc1990.de\\\/#\\\/schema\\\/logo\\\/image\\\/\"}}]}<\/script>\n<!-- \/ Yoast SEO plugin. -->","yoast_head_json":{"title":"Verantwortliche &#8211; SSC Oberhausen-Styrum 1990 e.V.","robots":{"index":"index","follow":"follow","max-snippet":"max-snippet:-1","max-image-preview":"max-image-preview:large","max-video-preview":"max-video-preview:-1"},"canonical":"https:\/\/ssc1990.de\/index.php\/verantwortliche\/","og_locale":"de_DE","og_type":"article","og_title":"Verantwortliche &#8211; SSC Oberhausen-Styrum 1990 e.V.","og_description":"Verantwortliche &nbsp;Sportsch\u00fctzen Club Oberhausen-Styrum 1990 e.V.Gesch\u00e4ftsf\u00fchrerMichael MayerTelefon: 0163-2593087Email: Gesch\u00e4ftsf\u00fchrer Ab 01.07.2019 ist der SSC unter der Mobilrufnummer zu erreichen: 0157 3570 0690 1. VorsitzendeWaltraud GamradVolmestr. 246049 OberhausenTelefon: 0171-8322124Email: Vorsitzende SportwartKarl-Heinz WitzkeAlstadener Str.12146049 OberhausenTel.: 0177 \/ 1910192Email: Sportleiter JugendwartWaltraud GamradTelefon: 0171-8322124Email: Jugendwart WebmasterSportsch\u00fctzen Club Oberhausen-Styrum 1990 e.V.Email: Webmaster","og_url":"https:\/\/ssc1990.de\/index.php\/verantwortliche\/","og_site_name":"SSC Oberhausen-Styrum 1990 e.V.","article_modified_time":"2024-05-07T19:55:59+00:00","twitter_card":"summary_large_image","twitter_misc":{"Gesch\u00e4tzte Lesezeit":"2\u00a0Minuten"},"schema":{"@context":"https:\/\/schema.org","@graph":[{"@type":"WebPage","@id":"https:\/\/ssc1990.de\/index.php\/verantwortliche\/","url":"https:\/\/ssc1990.de\/index.php\/verantwortliche\/","name":"Verantwortliche &#8211; SSC Oberhausen-Styrum 1990 e.V.","isPartOf":{"@id":"https:\/\/ssc1990.de\/#website"},"datePublished":"2023-03-18T16:51:05+00:00","dateModified":"2024-05-07T19:55:59+00:00","breadcrumb":{"@id":"https:\/\/ssc1990.de\/index.php\/verantwortliche\/#breadcrumb"},"inLanguage":"de","potentialAction":[{"@type":"ReadAction","target":["https:\/\/ssc1990.de\/index.php\/verantwortliche\/"]}]},{"@type":"BreadcrumbList","@id":"https:\/\/ssc1990.de\/index.php\/verantwortliche\/#breadcrumb","itemListElement":[{"@type":"ListItem","position":1,"name":"Startseite","item":"https:\/\/ssc1990.de\/"},{"@type":"ListItem","position":2,"name":"Verantwortliche"}]},{"@type":"WebSite","@id":"https:\/\/ssc1990.de\/#website","url":"https:\/\/ssc1990.de\/","name":"SSC1990.de","description":"Sportsch\u00fctzenclub Oberhausen-Styrum 1990 e.V.","publisher":{"@id":"https:\/\/ssc1990.de\/#organization"},"potentialAction":[{"@type":"SearchAction","target":{"@type":"EntryPoint","urlTemplate":"https:\/\/ssc1990.de\/?s={search_term_string}"},"query-input":{"@type":"PropertyValueSpecification","valueRequired":true,"valueName":"search_term_string"}}],"inLanguage":"de"},{"@type":"Organization","@id":"https:\/\/ssc1990.de\/#organization","name":"SSC1990.de","url":"https:\/\/ssc1990.de\/","logo":{"@type":"ImageObject","inLanguage":"de","@id":"https:\/\/ssc1990.de\/#\/schema\/logo\/image\/","url":"https:\/\/ssc1990.de\/wp-content\/uploads\/2023\/03\/logo.jpg","contentUrl":"https:\/\/ssc1990.de\/wp-content\/uploads\/2023\/03\/logo.jpg","width":1000,"height":594,"caption":"SSC1990.de"},"image":{"@id":"https:\/\/ssc1990.de\/#\/schema\/logo\/image\/"}}]}},"_links":{"self":[{"href":"https:\/\/ssc1990.de\/index.php\/wp-json\/wp\/v2\/pages\/90","targetHints":{"allow":["GET"]}}],"collection":[{"href":"https:\/\/ssc1990.de\/index.php\/wp-json\/wp\/v2\/pages"}],"about":[{"href":"https:\/\/ssc1990.de\/index.php\/wp-json\/wp\/v2\/types\/page"}],"author":[{"embeddable":true,"href":"https:\/\/ssc1990.de\/index.php\/wp-json\/wp\/v2\/users\/1"}],"replies":[{"embeddable":true,"href":"https:\/\/ssc1990.de\/index.php\/wp-json\/wp\/v2\/comments?post=90"}],"version-history":[{"count":7,"href":"https:\/\/ssc1990.de\/index.php\/wp-json\/wp\/v2\/pages\/90\/revisions"}],"predecessor-version":[{"id":1332,"href":"https:\/\/ssc1990.de\/index.php\/wp-json\/wp\/v2\/pages\/90\/revisions\/1332"}],"wp:attachment":[{"href":"https:\/\/ssc1990.de\/index.php\/wp-json\/wp\/v2\/media?parent=90"}],"curies":[{"name":"wp","href":"https:\/\/api.w.org\/{rel}","templated":true}]}}