{"id":91,"date":"2023-03-18T17:51:22","date_gmt":"2023-03-18T16:51:22","guid":{"rendered":"https:\/\/ssc1990.de\/?page_id=91"},"modified":"2023-03-18T18:02:04","modified_gmt":"2023-03-18T17:02:04","slug":"anfahrt","status":"publish","type":"page","link":"https:\/\/ssc1990.de\/index.php\/anfahrt\/","title":{"rendered":"Anfahrt"},"content":{"rendered":"<p>[et_pb_section fb_built=&#8220;1&#8243; _builder_version=&#8220;4.20.2&#8243; _module_preset=&#8220;default&#8220; global_colors_info=&#8220;{}&#8220;][et_pb_row column_structure=&#8220;2_3,1_3&#8243; _builder_version=&#8220;4.20.2&#8243; _module_preset=&#8220;default&#8220; global_colors_info=&#8220;{}&#8220;][et_pb_column type=&#8220;2_3&#8243; _builder_version=&#8220;4.20.2&#8243; _module_preset=&#8220;default&#8220; global_colors_info=&#8220;{}&#8220;][et_pb_text _builder_version=&#8220;4.20.2&#8243; _module_preset=&#8220;default&#8220; max_width=&#8220;69%&#8220; hover_enabled=&#8220;0&#8243; global_colors_info=&#8220;{}&#8220; sticky_enabled=&#8220;0&#8243;]<\/p>\n<h1>Anfahrt<\/h1>\n<p>[\/et_pb_text][et_pb_text _builder_version=&#8220;4.20.2&#8243; _module_preset=&#8220;default&#8220; hover_enabled=&#8220;0&#8243; global_colors_info=&#8220;{}&#8220; sticky_enabled=&#8220;0&#8243;]<\/p>\n<p style=\"text-align: justify;\">Zu finden sind wir auf der Lothringer Stra\u00dfe unter der Gastst\u00e4tte &#8222;KULT<span style=\"font-family: Times New Roman, serif;\">&#8220; <\/span>(Treppe links vor dem Eingang hinab). In diesen Abschnitt der Lothringer Stra\u00dfe kann man nur von der Hermann-Albertz-Strasse aus einbiegen, da die Lothringer Stra\u00dfe in diesem Teilabschnitt eine Einbahnstra\u00dfe ist.\u00a0 Parkm\u00f6glichkeiten sind auf den Parkstreifen der Lothringer Stra\u00dfe sowie vor der Willy-J\u00fcrissen-Halle in ausreichender Zahl vorhanden. Der Parkplatz der Willy-J\u00fcrissen-Halle ist \u00fcber die Goebenstra\u00dfe zu erreichen.<\/p>\n<p style=\"text-align: justify;\">Von der Autobahn A40 kommend, nehmen Sie die Ausfahrt &#8222;MH-Styrum&#8220; (Ausfahrt Nr. 16) und fahren \u00fcber die M\u00fclheimer Stra\u00dfe in Richtung Oberhausen. Bei der ARAL Tankstelle, die auf der rechten Seite liegt, biegen Sie links in die Hermann-Albertz-Stra\u00dfe ab. Ca. 400m weiter geradeaus erreichen Sie die Ampelkreuzung W\u00f6rthstra\u00dfe. Hinter dieser Kreuzung befindet sich links ein Penny-Markt. Nach 50m biegen Sie noch vor der Fu\u00dfg\u00e4ngerampel links in die Lothringer Stra\u00dfe (Zone 30).\u00a0 Unsere Schie\u00dfsportanlage finden Sie im Geb\u00e4ude der &#8222;KULT&#8220;, rechte Hand am Ende des Parkstreifens und ist erreichbar \u00fcber die Feuerwehrzufahrt hinter der Bushaltestelle.<\/p>\n<p style=\"text-align: justify;\">F\u00fcr die Navigation geben Sie folgende Adresse ein:<br \/>Lothringer Str. 75<br \/>46045 Oberhausen<\/p>\n<p>[\/et_pb_text][et_pb_code _builder_version=&#8220;4.20.2&#8243; _module_preset=&#8220;default&#8220; hover_enabled=&#8220;0&#8243; sticky_enabled=&#8220;0&#8243;]<iframe src=\"https:\/\/www.google.com\/maps\/embed?pb=!1m18!1m12!1m3!1d1477.9152116794085!2d6.851277525964062!3d51.46646932742636!2m3!1f0!2f0!3f0!3m2!1i1024!2i768!4f13.1!3m3!1m2!1s0x47b8c0371e156251%3A0x47864c611ee1782d!2sLothringer%20Str.%2075%2C%2046045%20Oberhausen!5e0!3m2!1sde!2sde!4v1679158858263!5m2!1sde!2sde\" width=\"600\" height=\"450\" style=\"border:0;\" allowfullscreen=\"\" loading=\"lazy\" referrerpolicy=\"no-referrer-when-downgrade\"><\/iframe>[\/et_pb_code][\/et_pb_column][et_pb_column type=&#8220;1_3&#8243; _builder_version=&#8220;4.20.2&#8243; _module_preset=&#8220;default&#8220; global_colors_info=&#8220;{}&#8220;][et_pb_sidebar _builder_version=&#8220;4.20.2&#8243; _module_preset=&#8220;default&#8220; width=&#8220;100%&#8220; max_width=&#8220;100%&#8220; module_alignment=&#8220;left&#8220; global_colors_info=&#8220;{}&#8220;][\/et_pb_sidebar][\/et_pb_column][\/et_pb_row][\/et_pb_section]<\/p>\n","protected":false},"excerpt":{"rendered":"<p>AnfahrtZu finden sind wir auf der Lothringer Stra\u00dfe unter der Gastst\u00e4tte &#8222;KULT&#8220; (Treppe links vor dem Eingang hinab). In diesen Abschnitt der Lothringer Stra\u00dfe kann man nur von der Hermann-Albertz-Strasse aus einbiegen, da die Lothringer Stra\u00dfe in diesem Teilabschnitt eine Einbahnstra\u00dfe ist.\u00a0 Parkm\u00f6glichkeiten sind auf den Parkstreifen der Lothringer Stra\u00dfe sowie vor der Willy-J\u00fcrissen-Halle in [&hellip;]<\/p>\n","protected":false},"author":1,"featured_media":0,"parent":0,"menu_order":0,"comment_status":"closed","ping_status":"closed","template":"","meta":{"_et_pb_use_builder":"on","_et_pb_old_content":"","_et_gb_content_width":"","footnotes":""},"class_list":["post-91","page","type-page","status-publish","hentry"],"yoast_head":"<!-- This site is optimized with the Yoast SEO plugin v27.4 - https:\/\/yoast.com\/product\/yoast-seo-wordpress\/ -->\n<title>Anfahrt &#8211; SSC Oberhausen-Styrum 1990 e.V.<\/title>\n<meta name=\"robots\" content=\"index, follow, max-snippet:-1, max-image-preview:large, max-video-preview:-1\" \/>\n<link rel=\"canonical\" href=\"https:\/\/ssc1990.de\/index.php\/anfahrt\/\" \/>\n<meta property=\"og:locale\" content=\"de_DE\" \/>\n<meta property=\"og:type\" content=\"article\" \/>\n<meta property=\"og:title\" content=\"Anfahrt &#8211; SSC Oberhausen-Styrum 1990 e.V.\" \/>\n<meta property=\"og:description\" content=\"AnfahrtZu finden sind wir auf der Lothringer Stra\u00dfe unter der Gastst\u00e4tte &quot;KULT&quot; (Treppe links vor dem Eingang hinab). In diesen Abschnitt der Lothringer Stra\u00dfe kann man nur von der Hermann-Albertz-Strasse aus einbiegen, da die Lothringer Stra\u00dfe in diesem Teilabschnitt eine Einbahnstra\u00dfe ist.\u00a0 Parkm\u00f6glichkeiten sind auf den Parkstreifen der Lothringer Stra\u00dfe sowie vor der Willy-J\u00fcrissen-Halle in [&hellip;]\" \/>\n<meta property=\"og:url\" content=\"https:\/\/ssc1990.de\/index.php\/anfahrt\/\" \/>\n<meta property=\"og:site_name\" content=\"SSC Oberhausen-Styrum 1990 e.V.\" \/>\n<meta property=\"article:modified_time\" content=\"2023-03-18T17:02:04+00:00\" \/>\n<meta name=\"twitter:card\" content=\"summary_large_image\" \/>\n<meta name=\"twitter:label1\" content=\"Gesch\u00e4tzte Lesezeit\" \/>\n\t<meta name=\"twitter:data1\" content=\"2\u00a0Minuten\" \/>\n<script type=\"application\/ld+json\" class=\"yoast-schema-graph\">{\"@context\":\"https:\\\/\\\/schema.org\",\"@graph\":[{\"@type\":\"WebPage\",\"@id\":\"https:\\\/\\\/ssc1990.de\\\/index.php\\\/anfahrt\\\/\",\"url\":\"https:\\\/\\\/ssc1990.de\\\/index.php\\\/anfahrt\\\/\",\"name\":\"Anfahrt &#8211; SSC Oberhausen-Styrum 1990 e.V.\",\"isPartOf\":{\"@id\":\"https:\\\/\\\/ssc1990.de\\\/#website\"},\"datePublished\":\"2023-03-18T16:51:22+00:00\",\"dateModified\":\"2023-03-18T17:02:04+00:00\",\"breadcrumb\":{\"@id\":\"https:\\\/\\\/ssc1990.de\\\/index.php\\\/anfahrt\\\/#breadcrumb\"},\"inLanguage\":\"de\",\"potentialAction\":[{\"@type\":\"ReadAction\",\"target\":[\"https:\\\/\\\/ssc1990.de\\\/index.php\\\/anfahrt\\\/\"]}]},{\"@type\":\"BreadcrumbList\",\"@id\":\"https:\\\/\\\/ssc1990.de\\\/index.php\\\/anfahrt\\\/#breadcrumb\",\"itemListElement\":[{\"@type\":\"ListItem\",\"position\":1,\"name\":\"Startseite\",\"item\":\"https:\\\/\\\/ssc1990.de\\\/\"},{\"@type\":\"ListItem\",\"position\":2,\"name\":\"Anfahrt\"}]},{\"@type\":\"WebSite\",\"@id\":\"https:\\\/\\\/ssc1990.de\\\/#website\",\"url\":\"https:\\\/\\\/ssc1990.de\\\/\",\"name\":\"SSC1990.de\",\"description\":\"Sportsch\u00fctzenclub Oberhausen-Styrum 1990 e.V.\",\"publisher\":{\"@id\":\"https:\\\/\\\/ssc1990.de\\\/#organization\"},\"potentialAction\":[{\"@type\":\"SearchAction\",\"target\":{\"@type\":\"EntryPoint\",\"urlTemplate\":\"https:\\\/\\\/ssc1990.de\\\/?s={search_term_string}\"},\"query-input\":{\"@type\":\"PropertyValueSpecification\",\"valueRequired\":true,\"valueName\":\"search_term_string\"}}],\"inLanguage\":\"de\"},{\"@type\":\"Organization\",\"@id\":\"https:\\\/\\\/ssc1990.de\\\/#organization\",\"name\":\"SSC1990.de\",\"url\":\"https:\\\/\\\/ssc1990.de\\\/\",\"logo\":{\"@type\":\"ImageObject\",\"inLanguage\":\"de\",\"@id\":\"https:\\\/\\\/ssc1990.de\\\/#\\\/schema\\\/logo\\\/image\\\/\",\"url\":\"https:\\\/\\\/ssc1990.de\\\/wp-content\\\/uploads\\\/2023\\\/03\\\/logo.jpg\",\"contentUrl\":\"https:\\\/\\\/ssc1990.de\\\/wp-content\\\/uploads\\\/2023\\\/03\\\/logo.jpg\",\"width\":1000,\"height\":594,\"caption\":\"SSC1990.de\"},\"image\":{\"@id\":\"https:\\\/\\\/ssc1990.de\\\/#\\\/schema\\\/logo\\\/image\\\/\"}}]}<\/script>\n<!-- \/ Yoast SEO plugin. -->","yoast_head_json":{"title":"Anfahrt &#8211; SSC Oberhausen-Styrum 1990 e.V.","robots":{"index":"index","follow":"follow","max-snippet":"max-snippet:-1","max-image-preview":"max-image-preview:large","max-video-preview":"max-video-preview:-1"},"canonical":"https:\/\/ssc1990.de\/index.php\/anfahrt\/","og_locale":"de_DE","og_type":"article","og_title":"Anfahrt &#8211; SSC Oberhausen-Styrum 1990 e.V.","og_description":"AnfahrtZu finden sind wir auf der Lothringer Stra\u00dfe unter der Gastst\u00e4tte \"KULT\" (Treppe links vor dem Eingang hinab). In diesen Abschnitt der Lothringer Stra\u00dfe kann man nur von der Hermann-Albertz-Strasse aus einbiegen, da die Lothringer Stra\u00dfe in diesem Teilabschnitt eine Einbahnstra\u00dfe ist.\u00a0 Parkm\u00f6glichkeiten sind auf den Parkstreifen der Lothringer Stra\u00dfe sowie vor der Willy-J\u00fcrissen-Halle in [&hellip;]","og_url":"https:\/\/ssc1990.de\/index.php\/anfahrt\/","og_site_name":"SSC Oberhausen-Styrum 1990 e.V.","article_modified_time":"2023-03-18T17:02:04+00:00","twitter_card":"summary_large_image","twitter_misc":{"Gesch\u00e4tzte Lesezeit":"2\u00a0Minuten"},"schema":{"@context":"https:\/\/schema.org","@graph":[{"@type":"WebPage","@id":"https:\/\/ssc1990.de\/index.php\/anfahrt\/","url":"https:\/\/ssc1990.de\/index.php\/anfahrt\/","name":"Anfahrt &#8211; SSC Oberhausen-Styrum 1990 e.V.","isPartOf":{"@id":"https:\/\/ssc1990.de\/#website"},"datePublished":"2023-03-18T16:51:22+00:00","dateModified":"2023-03-18T17:02:04+00:00","breadcrumb":{"@id":"https:\/\/ssc1990.de\/index.php\/anfahrt\/#breadcrumb"},"inLanguage":"de","potentialAction":[{"@type":"ReadAction","target":["https:\/\/ssc1990.de\/index.php\/anfahrt\/"]}]},{"@type":"BreadcrumbList","@id":"https:\/\/ssc1990.de\/index.php\/anfahrt\/#breadcrumb","itemListElement":[{"@type":"ListItem","position":1,"name":"Startseite","item":"https:\/\/ssc1990.de\/"},{"@type":"ListItem","position":2,"name":"Anfahrt"}]},{"@type":"WebSite","@id":"https:\/\/ssc1990.de\/#website","url":"https:\/\/ssc1990.de\/","name":"SSC1990.de","description":"Sportsch\u00fctzenclub Oberhausen-Styrum 1990 e.V.","publisher":{"@id":"https:\/\/ssc1990.de\/#organization"},"potentialAction":[{"@type":"SearchAction","target":{"@type":"EntryPoint","urlTemplate":"https:\/\/ssc1990.de\/?s={search_term_string}"},"query-input":{"@type":"PropertyValueSpecification","valueRequired":true,"valueName":"search_term_string"}}],"inLanguage":"de"},{"@type":"Organization","@id":"https:\/\/ssc1990.de\/#organization","name":"SSC1990.de","url":"https:\/\/ssc1990.de\/","logo":{"@type":"ImageObject","inLanguage":"de","@id":"https:\/\/ssc1990.de\/#\/schema\/logo\/image\/","url":"https:\/\/ssc1990.de\/wp-content\/uploads\/2023\/03\/logo.jpg","contentUrl":"https:\/\/ssc1990.de\/wp-content\/uploads\/2023\/03\/logo.jpg","width":1000,"height":594,"caption":"SSC1990.de"},"image":{"@id":"https:\/\/ssc1990.de\/#\/schema\/logo\/image\/"}}]}},"_links":{"self":[{"href":"https:\/\/ssc1990.de\/index.php\/wp-json\/wp\/v2\/pages\/91","targetHints":{"allow":["GET"]}}],"collection":[{"href":"https:\/\/ssc1990.de\/index.php\/wp-json\/wp\/v2\/pages"}],"about":[{"href":"https:\/\/ssc1990.de\/index.php\/wp-json\/wp\/v2\/types\/page"}],"author":[{"embeddable":true,"href":"https:\/\/ssc1990.de\/index.php\/wp-json\/wp\/v2\/users\/1"}],"replies":[{"embeddable":true,"href":"https:\/\/ssc1990.de\/index.php\/wp-json\/wp\/v2\/comments?post=91"}],"version-history":[{"count":2,"href":"https:\/\/ssc1990.de\/index.php\/wp-json\/wp\/v2\/pages\/91\/revisions"}],"predecessor-version":[{"id":107,"href":"https:\/\/ssc1990.de\/index.php\/wp-json\/wp\/v2\/pages\/91\/revisions\/107"}],"wp:attachment":[{"href":"https:\/\/ssc1990.de\/index.php\/wp-json\/wp\/v2\/media?parent=91"}],"curies":[{"name":"wp","href":"https:\/\/api.w.org\/{rel}","templated":true}]}}